{"id":11,"date":"2025-08-26T18:03:16","date_gmt":"2025-08-26T18:03:16","guid":{"rendered":"https:\/\/andreinapf.com\/?page_id=11"},"modified":"2025-09-17T11:40:41","modified_gmt":"2025-09-17T14:40:41","slug":"pagina-principal","status":"publish","type":"page","link":"https:\/\/andreinapf.com\/es\/","title":{"rendered":""},"content":{"rendered":"<div data-elementor-type=\"wp-page\" data-elementor-id=\"11\" class=\"elementor elementor-11\" data-elementor-post-type=\"page\">\n\t\t\t\t<div class=\"elementor-element elementor-element-5d031a8 e-con-full e-flex e-con e-parent\" data-id=\"5d031a8\" data-element_type=\"container\" data-e-type=\"container\" data-settings=\"{&quot;background_background&quot;:&quot;slideshow&quot;,&quot;background_slideshow_gallery&quot;:[],&quot;background_slideshow_slide_duration&quot;:5000,&quot;background_slideshow_slide_transition&quot;:&quot;fade&quot;,&quot;background_slideshow_transition_duration&quot;:500}\">\n\t\t\t\t<\/div>\n\t\t<div class=\"elementor-element elementor-element-7e99940 e-con-full elementor-hidden-desktop elementor-hidden-tablet e-flex e-con e-parent\" data-id=\"7e99940\" data-element_type=\"container\" data-e-type=\"container\">\n\t\t\t\t<div class=\"elementor-element elementor-element-4e8e488 elementor-widget elementor-widget-image\" data-id=\"4e8e488\" data-element_type=\"widget\" data-e-type=\"widget\" data-widget_type=\"image.default\">\n\t\t\t\t\t\t\t\t\t\t\t\t\t\t\t<img fetchpriority=\"high\" decoding=\"async\" width=\"768\" height=\"1024\" src=\"https:\/\/andreinapf.com\/wp-content\/uploads\/2025\/08\/Sin-titulo-4-768x1024.jpg\" class=\"attachment-large size-large wp-image-98\" alt=\"\" srcset=\"https:\/\/andreinapf.com\/wp-content\/uploads\/2025\/08\/Sin-titulo-4-768x1024.jpg 768w, https:\/\/andreinapf.com\/wp-content\/uploads\/2025\/08\/Sin-titulo-4-225x300.jpg 225w, https:\/\/andreinapf.com\/wp-content\/uploads\/2025\/08\/Sin-titulo-4-1152x1536.jpg 1152w, https:\/\/andreinapf.com\/wp-content\/uploads\/2025\/08\/Sin-titulo-4-9x12.jpg 9w, https:\/\/andreinapf.com\/wp-content\/uploads\/2025\/08\/Sin-titulo-4.jpg 1440w\" sizes=\"(max-width: 768px) 100vw, 768px\" \/>\t\t\t\t\t\t\t\t\t\t\t\t\t\t\t<\/div>\n\t\t\t\t<\/div>\n\t\t\t\t<\/div>","protected":false},"excerpt":{"rendered":"","protected":false},"author":1,"featured_media":0,"parent":0,"menu_order":0,"comment_status":"closed","ping_status":"closed","template":"","meta":{"footnotes":""},"class_list":["post-11","page","type-page","status-publish","hentry"],"yoast_head":"<!-- This site is optimized with the Yoast SEO plugin v27.4 - https:\/\/yoast.com\/product\/yoast-seo-wordpress\/ -->\n<title>- Andreina perlo Frizza<\/title>\n<meta name=\"robots\" content=\"index, follow, max-snippet:-1, max-image-preview:large, max-video-preview:-1\" \/>\n<link rel=\"canonical\" href=\"https:\/\/andreinapf.com\/es\/\" \/>\n<meta property=\"og:locale\" content=\"es_ES\" \/>\n<meta property=\"og:type\" content=\"article\" \/>\n<meta property=\"og:title\" content=\"- Andreina perlo Frizza\" \/>\n<meta property=\"og:url\" content=\"https:\/\/andreinapf.com\/es\/\" \/>\n<meta property=\"og:site_name\" content=\"Andreina perlo Frizza\" \/>\n<meta property=\"article:modified_time\" content=\"2025-09-17T14:40:41+00:00\" \/>\n<meta property=\"og:image\" content=\"https:\/\/andreinapf.com\/wp-content\/uploads\/2025\/08\/Sin-titulo-4.jpg\" \/>\n\t<meta property=\"og:image:width\" content=\"1440\" \/>\n\t<meta property=\"og:image:height\" content=\"1920\" \/>\n\t<meta property=\"og:image:type\" content=\"image\/jpeg\" \/>\n<meta name=\"twitter:card\" content=\"summary_large_image\" \/>\n<script type=\"application\/ld+json\" class=\"yoast-schema-graph\">{\"@context\":\"https:\\\/\\\/schema.org\",\"@graph\":[{\"@type\":\"WebPage\",\"@id\":\"https:\\\/\\\/andreinapf.com\\\/\",\"url\":\"https:\\\/\\\/andreinapf.com\\\/\",\"name\":\"- Andreina perlo Frizza\",\"isPartOf\":{\"@id\":\"https:\\\/\\\/andreinapf.com\\\/#website\"},\"primaryImageOfPage\":{\"@id\":\"https:\\\/\\\/andreinapf.com\\\/#primaryimage\"},\"image\":{\"@id\":\"https:\\\/\\\/andreinapf.com\\\/#primaryimage\"},\"thumbnailUrl\":\"https:\\\/\\\/andreinapf.com\\\/wp-content\\\/uploads\\\/2025\\\/08\\\/Sin-titulo-4-768x1024.jpg\",\"datePublished\":\"2025-08-26T18:03:16+00:00\",\"dateModified\":\"2025-09-17T14:40:41+00:00\",\"inLanguage\":\"es-AR\",\"potentialAction\":[{\"@type\":\"ReadAction\",\"target\":[\"https:\\\/\\\/andreinapf.com\\\/\"]}]},{\"@type\":\"ImageObject\",\"inLanguage\":\"es-AR\",\"@id\":\"https:\\\/\\\/andreinapf.com\\\/#primaryimage\",\"url\":\"https:\\\/\\\/andreinapf.com\\\/wp-content\\\/uploads\\\/2025\\\/08\\\/Sin-titulo-4-768x1024.jpg\",\"contentUrl\":\"https:\\\/\\\/andreinapf.com\\\/wp-content\\\/uploads\\\/2025\\\/08\\\/Sin-titulo-4-768x1024.jpg\"},{\"@type\":\"WebSite\",\"@id\":\"https:\\\/\\\/andreinapf.com\\\/#website\",\"url\":\"https:\\\/\\\/andreinapf.com\\\/\",\"name\":\"andreinapf.com\",\"description\":\"Acompa\u00f1o a personas y organizaciones en procesos de transformaci\u00f3n, desarrollo profesional y construcci\u00f3n de equipos s\u00f3lidos y sostenibles. Organizo experiencias \u00fanicas que fusionan mis pasiones: golf, moda, arte y comunidad. Impulso proyectos vinculados al arte y al dise\u00f1o que reflejan mi compromiso con la cultura y la creatividad.\",\"publisher\":{\"@id\":\"https:\\\/\\\/andreinapf.com\\\/#organization\"},\"alternateName\":\"Consultorias y Mentorias Andreinapf\",\"potentialAction\":[{\"@type\":\"SearchAction\",\"target\":{\"@type\":\"EntryPoint\",\"urlTemplate\":\"https:\\\/\\\/andreinapf.com\\\/?s={search_term_string}\"},\"query-input\":{\"@type\":\"PropertyValueSpecification\",\"valueRequired\":true,\"valueName\":\"search_term_string\"}}],\"inLanguage\":\"es-AR\"},{\"@type\":\"Organization\",\"@id\":\"https:\\\/\\\/andreinapf.com\\\/#organization\",\"name\":\"andreinapf.com\",\"url\":\"https:\\\/\\\/andreinapf.com\\\/\",\"logo\":{\"@type\":\"ImageObject\",\"inLanguage\":\"es-AR\",\"@id\":\"https:\\\/\\\/andreinapf.com\\\/#\\\/schema\\\/logo\\\/image\\\/\",\"url\":\"https:\\\/\\\/andreinapf.com\\\/wp-content\\\/uploads\\\/2025\\\/09\\\/cropped-WhatsApp-Image-2025-09-17-at-11.32.37.jpeg\",\"contentUrl\":\"https:\\\/\\\/andreinapf.com\\\/wp-content\\\/uploads\\\/2025\\\/09\\\/cropped-WhatsApp-Image-2025-09-17-at-11.32.37.jpeg\",\"width\":304,\"height\":240,\"caption\":\"andreinapf.com\"},\"image\":{\"@id\":\"https:\\\/\\\/andreinapf.com\\\/#\\\/schema\\\/logo\\\/image\\\/\"}}]}<\/script>\n<!-- \/ Yoast SEO plugin. -->","yoast_head_json":{"title":"- Andreina perlo Frizza","robots":{"index":"index","follow":"follow","max-snippet":"max-snippet:-1","max-image-preview":"max-image-preview:large","max-video-preview":"max-video-preview:-1"},"canonical":"https:\/\/andreinapf.com\/es\/","og_locale":"es_ES","og_type":"article","og_title":"- Andreina perlo Frizza","og_url":"https:\/\/andreinapf.com\/es\/","og_site_name":"Andreina perlo Frizza","article_modified_time":"2025-09-17T14:40:41+00:00","og_image":[{"width":1440,"height":1920,"url":"https:\/\/andreinapf.com\/wp-content\/uploads\/2025\/08\/Sin-titulo-4.jpg","type":"image\/jpeg"}],"twitter_card":"summary_large_image","schema":{"@context":"https:\/\/schema.org","@graph":[{"@type":"WebPage","@id":"https:\/\/andreinapf.com\/","url":"https:\/\/andreinapf.com\/","name":"- Andreina perlo Frizza","isPartOf":{"@id":"https:\/\/andreinapf.com\/#website"},"primaryImageOfPage":{"@id":"https:\/\/andreinapf.com\/#primaryimage"},"image":{"@id":"https:\/\/andreinapf.com\/#primaryimage"},"thumbnailUrl":"https:\/\/andreinapf.com\/wp-content\/uploads\/2025\/08\/Sin-titulo-4-768x1024.jpg","datePublished":"2025-08-26T18:03:16+00:00","dateModified":"2025-09-17T14:40:41+00:00","inLanguage":"es-AR","potentialAction":[{"@type":"ReadAction","target":["https:\/\/andreinapf.com\/"]}]},{"@type":"ImageObject","inLanguage":"es-AR","@id":"https:\/\/andreinapf.com\/#primaryimage","url":"https:\/\/andreinapf.com\/wp-content\/uploads\/2025\/08\/Sin-titulo-4-768x1024.jpg","contentUrl":"https:\/\/andreinapf.com\/wp-content\/uploads\/2025\/08\/Sin-titulo-4-768x1024.jpg"},{"@type":"WebSite","@id":"https:\/\/andreinapf.com\/#website","url":"https:\/\/andreinapf.com\/","name":"andreinapf.com","description":"Acompa\u00f1o a personas y organizaciones en procesos de transformaci\u00f3n, desarrollo profesional y construcci\u00f3n de equipos s\u00f3lidos y sostenibles. Organizo experiencias \u00fanicas que fusionan mis pasiones: golf, moda, arte y comunidad. Impulso proyectos vinculados al arte y al dise\u00f1o que reflejan mi compromiso con la cultura y la creatividad.","publisher":{"@id":"https:\/\/andreinapf.com\/#organization"},"alternateName":"Consultorias y Mentorias Andreinapf","potentialAction":[{"@type":"SearchAction","target":{"@type":"EntryPoint","urlTemplate":"https:\/\/andreinapf.com\/?s={search_term_string}"},"query-input":{"@type":"PropertyValueSpecification","valueRequired":true,"valueName":"search_term_string"}}],"inLanguage":"es-AR"},{"@type":"Organization","@id":"https:\/\/andreinapf.com\/#organization","name":"andreinapf.com","url":"https:\/\/andreinapf.com\/","logo":{"@type":"ImageObject","inLanguage":"es-AR","@id":"https:\/\/andreinapf.com\/#\/schema\/logo\/image\/","url":"https:\/\/andreinapf.com\/wp-content\/uploads\/2025\/09\/cropped-WhatsApp-Image-2025-09-17-at-11.32.37.jpeg","contentUrl":"https:\/\/andreinapf.com\/wp-content\/uploads\/2025\/09\/cropped-WhatsApp-Image-2025-09-17-at-11.32.37.jpeg","width":304,"height":240,"caption":"andreinapf.com"},"image":{"@id":"https:\/\/andreinapf.com\/#\/schema\/logo\/image\/"}}]}},"_links":{"self":[{"href":"https:\/\/andreinapf.com\/es\/wp-json\/wp\/v2\/pages\/11","targetHints":{"allow":["GET"]}}],"collection":[{"href":"https:\/\/andreinapf.com\/es\/wp-json\/wp\/v2\/pages"}],"about":[{"href":"https:\/\/andreinapf.com\/es\/wp-json\/wp\/v2\/types\/page"}],"author":[{"embeddable":true,"href":"https:\/\/andreinapf.com\/es\/wp-json\/wp\/v2\/users\/1"}],"replies":[{"embeddable":true,"href":"https:\/\/andreinapf.com\/es\/wp-json\/wp\/v2\/comments?post=11"}],"version-history":[{"count":35,"href":"https:\/\/andreinapf.com\/es\/wp-json\/wp\/v2\/pages\/11\/revisions"}],"predecessor-version":[{"id":502,"href":"https:\/\/andreinapf.com\/es\/wp-json\/wp\/v2\/pages\/11\/revisions\/502"}],"wp:attachment":[{"href":"https:\/\/andreinapf.com\/es\/wp-json\/wp\/v2\/media?parent=11"}],"curies":[{"name":"wp","href":"https:\/\/api.w.org\/{rel}","templated":true}]}}