{"id":141,"date":"2025-08-27T11:15:57","date_gmt":"2025-08-27T14:15:57","guid":{"rendered":"https:\/\/andreinapf.com\/?page_id=141"},"modified":"2025-09-02T20:18:48","modified_gmt":"2025-09-02T23:18:48","slug":"tique","status":"publish","type":"page","link":"https:\/\/andreinapf.com\/es\/tique\/","title":{"rendered":"Tique"},"content":{"rendered":"<div data-elementor-type=\"wp-page\" data-elementor-id=\"141\" class=\"elementor elementor-141\" data-elementor-post-type=\"page\">\n\t\t\t\t<div class=\"elementor-element elementor-element-92aafcc e-con-full e-flex e-con e-parent\" data-id=\"92aafcc\" data-element_type=\"container\" data-e-type=\"container\" data-settings=\"{&quot;background_background&quot;:&quot;classic&quot;}\">\n\t\t\t\t<div class=\"elementor-element elementor-element-37f9e97 elementor-widget elementor-widget-image\" data-id=\"37f9e97\" data-element_type=\"widget\" data-e-type=\"widget\" data-widget_type=\"image.default\">\n\t\t\t\t\t\t\t\t\t\t\t\t\t\t\t<img fetchpriority=\"high\" decoding=\"async\" width=\"758\" height=\"1024\" src=\"https:\/\/andreinapf.com\/wp-content\/uploads\/2025\/08\/Sin-titulo-2-758x1024.jpg\" class=\"attachment-large size-large wp-image-143\" alt=\"\" srcset=\"https:\/\/andreinapf.com\/wp-content\/uploads\/2025\/08\/Sin-titulo-2-758x1024.jpg 758w, https:\/\/andreinapf.com\/wp-content\/uploads\/2025\/08\/Sin-titulo-2-222x300.jpg 222w, https:\/\/andreinapf.com\/wp-content\/uploads\/2025\/08\/Sin-titulo-2-768x1037.jpg 768w, https:\/\/andreinapf.com\/wp-content\/uploads\/2025\/08\/Sin-titulo-2-1137x1536.jpg 1137w, https:\/\/andreinapf.com\/wp-content\/uploads\/2025\/08\/Sin-titulo-2-1517x2048.jpg 1517w, https:\/\/andreinapf.com\/wp-content\/uploads\/2025\/08\/Sin-titulo-2-9x12.jpg 9w, https:\/\/andreinapf.com\/wp-content\/uploads\/2025\/08\/Sin-titulo-2-scaled.jpg 1896w\" sizes=\"(max-width: 758px) 100vw, 758px\" \/>\t\t\t\t\t\t\t\t\t\t\t\t\t\t\t<\/div>\n\t\t\t\t<div class=\"elementor-element elementor-element-8467c06 elementor-widget__width-inherit elementor-widget elementor-widget-heading\" data-id=\"8467c06\" data-element_type=\"widget\" data-e-type=\"widget\" data-widget_type=\"heading.default\">\n\t\t\t\t\t<h2 class=\"elementor-heading-title elementor-size-default\">COMING SOON<\/h2>\t\t\t\t<\/div>\n\t\t\t\t<div class=\"elementor-element elementor-element-c116356 elementor-widget__width-initial elementor-widget elementor-widget-text-editor\" data-id=\"c116356\" data-element_type=\"widget\" data-e-type=\"widget\" data-widget_type=\"text-editor.default\">\n\t\t\t\t\t\t\t\t\t<p class=\"translation-block\">TIQU\u0116 une mi primer amor\u2014el golf\u2014con mi pasi\u00f3n por la moda, el arte y el dise\u00f1o. Inspirada en mi experiencia como deportista de alto rendimiento, la marca reformula las l\u00edneas deportivas tradicionales, fusion\u00e1ndolas con el pr\u00eat-\u00e0-porter y acentos sastreros, creando un estilo athleisure y piezas vers\u00e1tiles que trascienden el campo de juego.<\/p><p class=\"translation-block\">TIQU\u0116 is coming soon<\/p>\t\t\t\t\t\t\t\t<\/div>\n\t\t\t\t<\/div>\n\t\t\t\t<\/div>","protected":false},"excerpt":{"rendered":"<p>COMING SOON TIQU\u0116 blends my first love\u2014golf\u2014with a passion for fashion, art, and design. Inspired by my journey as a high-performance athlete, the brand reimagines golf\u2019s classic lines into refined pr\u00eat-\u00e0-porter and premium athleisure, creating versatile pieces that transcend the course and define a timeless lifestyle. TIQU\u0116 is about to born\u2028<\/p>","protected":false},"author":1,"featured_media":0,"parent":0,"menu_order":0,"comment_status":"closed","ping_status":"closed","template":"","meta":{"footnotes":""},"class_list":["post-141","page","type-page","status-publish","hentry"],"yoast_head":"<!-- This site is optimized with the Yoast SEO plugin v27.4 - https:\/\/yoast.com\/product\/yoast-seo-wordpress\/ -->\n<title>Tique - Andreina perlo Frizza<\/title>\n<meta name=\"robots\" content=\"index, follow, max-snippet:-1, max-image-preview:large, max-video-preview:-1\" \/>\n<link rel=\"canonical\" href=\"https:\/\/andreinapf.com\/es\/tique\/\" \/>\n<meta property=\"og:locale\" content=\"es_ES\" \/>\n<meta property=\"og:type\" content=\"article\" \/>\n<meta property=\"og:title\" content=\"Tique - Andreina perlo Frizza\" \/>\n<meta property=\"og:description\" content=\"COMING SOON TIQU\u0116 blends my first love\u2014golf\u2014with a passion for fashion, art, and design. Inspired by my journey as a high-performance athlete, the brand reimagines golf\u2019s classic lines into refined pr\u00eat-\u00e0-porter and premium athleisure, creating versatile pieces that transcend the course and define a timeless lifestyle. TIQU\u0116 is about to born\u2028\" \/>\n<meta property=\"og:url\" content=\"https:\/\/andreinapf.com\/es\/tique\/\" \/>\n<meta property=\"og:site_name\" content=\"Andreina perlo Frizza\" \/>\n<meta property=\"article:modified_time\" content=\"2025-09-02T23:18:48+00:00\" \/>\n<meta property=\"og:image\" content=\"https:\/\/andreinapf.com\/wp-content\/uploads\/2025\/08\/Sin-titulo-2-scaled.jpg\" \/>\n\t<meta property=\"og:image:width\" content=\"1896\" \/>\n\t<meta property=\"og:image:height\" content=\"2560\" \/>\n\t<meta property=\"og:image:type\" content=\"image\/jpeg\" \/>\n<meta name=\"twitter:card\" content=\"summary_large_image\" \/>\n<script type=\"application\/ld+json\" class=\"yoast-schema-graph\">{\"@context\":\"https:\\\/\\\/schema.org\",\"@graph\":[{\"@type\":\"WebPage\",\"@id\":\"https:\\\/\\\/andreinapf.com\\\/tique\\\/\",\"url\":\"https:\\\/\\\/andreinapf.com\\\/tique\\\/\",\"name\":\"Tique - Andreina perlo Frizza\",\"isPartOf\":{\"@id\":\"https:\\\/\\\/andreinapf.com\\\/#website\"},\"primaryImageOfPage\":{\"@id\":\"https:\\\/\\\/andreinapf.com\\\/tique\\\/#primaryimage\"},\"image\":{\"@id\":\"https:\\\/\\\/andreinapf.com\\\/tique\\\/#primaryimage\"},\"thumbnailUrl\":\"https:\\\/\\\/andreinapf.com\\\/wp-content\\\/uploads\\\/2025\\\/08\\\/Sin-titulo-2-758x1024.jpg\",\"datePublished\":\"2025-08-27T14:15:57+00:00\",\"dateModified\":\"2025-09-02T23:18:48+00:00\",\"breadcrumb\":{\"@id\":\"https:\\\/\\\/andreinapf.com\\\/tique\\\/#breadcrumb\"},\"inLanguage\":\"es-AR\",\"potentialAction\":[{\"@type\":\"ReadAction\",\"target\":[\"https:\\\/\\\/andreinapf.com\\\/tique\\\/\"]}]},{\"@type\":\"ImageObject\",\"inLanguage\":\"es-AR\",\"@id\":\"https:\\\/\\\/andreinapf.com\\\/tique\\\/#primaryimage\",\"url\":\"https:\\\/\\\/andreinapf.com\\\/wp-content\\\/uploads\\\/2025\\\/08\\\/Sin-titulo-2-758x1024.jpg\",\"contentUrl\":\"https:\\\/\\\/andreinapf.com\\\/wp-content\\\/uploads\\\/2025\\\/08\\\/Sin-titulo-2-758x1024.jpg\"},{\"@type\":\"BreadcrumbList\",\"@id\":\"https:\\\/\\\/andreinapf.com\\\/tique\\\/#breadcrumb\",\"itemListElement\":[{\"@type\":\"ListItem\",\"position\":1,\"name\":\"Inicio\",\"item\":\"https:\\\/\\\/andreinapf.com\\\/\"},{\"@type\":\"ListItem\",\"position\":2,\"name\":\"Tique\"}]},{\"@type\":\"WebSite\",\"@id\":\"https:\\\/\\\/andreinapf.com\\\/#website\",\"url\":\"https:\\\/\\\/andreinapf.com\\\/\",\"name\":\"andreinapf.com\",\"description\":\"Acompa\u00f1o a personas y organizaciones en procesos de transformaci\u00f3n, desarrollo profesional y construcci\u00f3n de equipos s\u00f3lidos y sostenibles. Organizo experiencias \u00fanicas que fusionan mis pasiones: golf, moda, arte y comunidad. Impulso proyectos vinculados al arte y al dise\u00f1o que reflejan mi compromiso con la cultura y la creatividad.\",\"publisher\":{\"@id\":\"https:\\\/\\\/andreinapf.com\\\/#organization\"},\"alternateName\":\"Consultorias y Mentorias Andreinapf\",\"potentialAction\":[{\"@type\":\"SearchAction\",\"target\":{\"@type\":\"EntryPoint\",\"urlTemplate\":\"https:\\\/\\\/andreinapf.com\\\/?s={search_term_string}\"},\"query-input\":{\"@type\":\"PropertyValueSpecification\",\"valueRequired\":true,\"valueName\":\"search_term_string\"}}],\"inLanguage\":\"es-AR\"},{\"@type\":\"Organization\",\"@id\":\"https:\\\/\\\/andreinapf.com\\\/#organization\",\"name\":\"andreinapf.com\",\"url\":\"https:\\\/\\\/andreinapf.com\\\/\",\"logo\":{\"@type\":\"ImageObject\",\"inLanguage\":\"es-AR\",\"@id\":\"https:\\\/\\\/andreinapf.com\\\/#\\\/schema\\\/logo\\\/image\\\/\",\"url\":\"https:\\\/\\\/andreinapf.com\\\/wp-content\\\/uploads\\\/2025\\\/09\\\/cropped-WhatsApp-Image-2025-09-17-at-11.32.37.jpeg\",\"contentUrl\":\"https:\\\/\\\/andreinapf.com\\\/wp-content\\\/uploads\\\/2025\\\/09\\\/cropped-WhatsApp-Image-2025-09-17-at-11.32.37.jpeg\",\"width\":304,\"height\":240,\"caption\":\"andreinapf.com\"},\"image\":{\"@id\":\"https:\\\/\\\/andreinapf.com\\\/#\\\/schema\\\/logo\\\/image\\\/\"}}]}<\/script>\n<!-- \/ Yoast SEO plugin. -->","yoast_head_json":{"title":"Tique - Andreina perlo Frizza","robots":{"index":"index","follow":"follow","max-snippet":"max-snippet:-1","max-image-preview":"max-image-preview:large","max-video-preview":"max-video-preview:-1"},"canonical":"https:\/\/andreinapf.com\/es\/tique\/","og_locale":"es_ES","og_type":"article","og_title":"Tique - Andreina perlo Frizza","og_description":"COMING SOON TIQU\u0116 blends my first love\u2014golf\u2014with a passion for fashion, art, and design. Inspired by my journey as a high-performance athlete, the brand reimagines golf\u2019s classic lines into refined pr\u00eat-\u00e0-porter and premium athleisure, creating versatile pieces that transcend the course and define a timeless lifestyle. TIQU\u0116 is about to born\u2028","og_url":"https:\/\/andreinapf.com\/es\/tique\/","og_site_name":"Andreina perlo Frizza","article_modified_time":"2025-09-02T23:18:48+00:00","og_image":[{"width":1896,"height":2560,"url":"https:\/\/andreinapf.com\/wp-content\/uploads\/2025\/08\/Sin-titulo-2-scaled.jpg","type":"image\/jpeg"}],"twitter_card":"summary_large_image","schema":{"@context":"https:\/\/schema.org","@graph":[{"@type":"WebPage","@id":"https:\/\/andreinapf.com\/tique\/","url":"https:\/\/andreinapf.com\/tique\/","name":"Tique - Andreina perlo Frizza","isPartOf":{"@id":"https:\/\/andreinapf.com\/#website"},"primaryImageOfPage":{"@id":"https:\/\/andreinapf.com\/tique\/#primaryimage"},"image":{"@id":"https:\/\/andreinapf.com\/tique\/#primaryimage"},"thumbnailUrl":"https:\/\/andreinapf.com\/wp-content\/uploads\/2025\/08\/Sin-titulo-2-758x1024.jpg","datePublished":"2025-08-27T14:15:57+00:00","dateModified":"2025-09-02T23:18:48+00:00","breadcrumb":{"@id":"https:\/\/andreinapf.com\/tique\/#breadcrumb"},"inLanguage":"es-AR","potentialAction":[{"@type":"ReadAction","target":["https:\/\/andreinapf.com\/tique\/"]}]},{"@type":"ImageObject","inLanguage":"es-AR","@id":"https:\/\/andreinapf.com\/tique\/#primaryimage","url":"https:\/\/andreinapf.com\/wp-content\/uploads\/2025\/08\/Sin-titulo-2-758x1024.jpg","contentUrl":"https:\/\/andreinapf.com\/wp-content\/uploads\/2025\/08\/Sin-titulo-2-758x1024.jpg"},{"@type":"BreadcrumbList","@id":"https:\/\/andreinapf.com\/tique\/#breadcrumb","itemListElement":[{"@type":"ListItem","position":1,"name":"Inicio","item":"https:\/\/andreinapf.com\/"},{"@type":"ListItem","position":2,"name":"Tique"}]},{"@type":"WebSite","@id":"https:\/\/andreinapf.com\/#website","url":"https:\/\/andreinapf.com\/","name":"andreinapf.com","description":"Acompa\u00f1o a personas y organizaciones en procesos de transformaci\u00f3n, desarrollo profesional y construcci\u00f3n de equipos s\u00f3lidos y sostenibles. Organizo experiencias \u00fanicas que fusionan mis pasiones: golf, moda, arte y comunidad. Impulso proyectos vinculados al arte y al dise\u00f1o que reflejan mi compromiso con la cultura y la creatividad.","publisher":{"@id":"https:\/\/andreinapf.com\/#organization"},"alternateName":"Consultorias y Mentorias Andreinapf","potentialAction":[{"@type":"SearchAction","target":{"@type":"EntryPoint","urlTemplate":"https:\/\/andreinapf.com\/?s={search_term_string}"},"query-input":{"@type":"PropertyValueSpecification","valueRequired":true,"valueName":"search_term_string"}}],"inLanguage":"es-AR"},{"@type":"Organization","@id":"https:\/\/andreinapf.com\/#organization","name":"andreinapf.com","url":"https:\/\/andreinapf.com\/","logo":{"@type":"ImageObject","inLanguage":"es-AR","@id":"https:\/\/andreinapf.com\/#\/schema\/logo\/image\/","url":"https:\/\/andreinapf.com\/wp-content\/uploads\/2025\/09\/cropped-WhatsApp-Image-2025-09-17-at-11.32.37.jpeg","contentUrl":"https:\/\/andreinapf.com\/wp-content\/uploads\/2025\/09\/cropped-WhatsApp-Image-2025-09-17-at-11.32.37.jpeg","width":304,"height":240,"caption":"andreinapf.com"},"image":{"@id":"https:\/\/andreinapf.com\/#\/schema\/logo\/image\/"}}]}},"_links":{"self":[{"href":"https:\/\/andreinapf.com\/es\/wp-json\/wp\/v2\/pages\/141","targetHints":{"allow":["GET"]}}],"collection":[{"href":"https:\/\/andreinapf.com\/es\/wp-json\/wp\/v2\/pages"}],"about":[{"href":"https:\/\/andreinapf.com\/es\/wp-json\/wp\/v2\/types\/page"}],"author":[{"embeddable":true,"href":"https:\/\/andreinapf.com\/es\/wp-json\/wp\/v2\/users\/1"}],"replies":[{"embeddable":true,"href":"https:\/\/andreinapf.com\/es\/wp-json\/wp\/v2\/comments?post=141"}],"version-history":[{"count":38,"href":"https:\/\/andreinapf.com\/es\/wp-json\/wp\/v2\/pages\/141\/revisions"}],"predecessor-version":[{"id":298,"href":"https:\/\/andreinapf.com\/es\/wp-json\/wp\/v2\/pages\/141\/revisions\/298"}],"wp:attachment":[{"href":"https:\/\/andreinapf.com\/es\/wp-json\/wp\/v2\/media?parent=141"}],"curies":[{"name":"wp","href":"https:\/\/api.w.org\/{rel}","templated":true}]}}