{"id":148,"date":"2025-08-27T11:20:34","date_gmt":"2025-08-27T14:20:34","guid":{"rendered":"https:\/\/andreinapf.com\/?page_id=148"},"modified":"2025-09-04T14:20:00","modified_gmt":"2025-09-04T17:20:00","slug":"about","status":"publish","type":"page","link":"https:\/\/andreinapf.com\/es\/about\/","title":{"rendered":"About"},"content":{"rendered":"<div data-elementor-type=\"wp-page\" data-elementor-id=\"148\" class=\"elementor elementor-148\" data-elementor-post-type=\"page\">\n\t\t\t\t<div class=\"elementor-element elementor-element-fe7075e e-con-full e-flex e-con e-parent\" data-id=\"fe7075e\" data-element_type=\"container\" data-e-type=\"container\" data-settings=\"{&quot;background_background&quot;:&quot;classic&quot;}\">\n\t\t\t\t<div class=\"elementor-element elementor-element-6d1a340 elementor-widget elementor-widget-image\" data-id=\"6d1a340\" data-element_type=\"widget\" data-e-type=\"widget\" data-widget_type=\"image.default\">\n\t\t\t\t\t\t\t\t\t\t\t\t\t\t\t<img fetchpriority=\"high\" decoding=\"async\" width=\"791\" height=\"1024\" src=\"https:\/\/andreinapf.com\/wp-content\/uploads\/2025\/08\/Sin-titulo-3-791x1024.jpg\" class=\"attachment-large size-large wp-image-150\" alt=\"\" srcset=\"https:\/\/andreinapf.com\/wp-content\/uploads\/2025\/08\/Sin-titulo-3-791x1024.jpg 791w, https:\/\/andreinapf.com\/wp-content\/uploads\/2025\/08\/Sin-titulo-3-232x300.jpg 232w, https:\/\/andreinapf.com\/wp-content\/uploads\/2025\/08\/Sin-titulo-3-768x994.jpg 768w, https:\/\/andreinapf.com\/wp-content\/uploads\/2025\/08\/Sin-titulo-3-1187x1536.jpg 1187w, https:\/\/andreinapf.com\/wp-content\/uploads\/2025\/08\/Sin-titulo-3-1583x2048.jpg 1583w, https:\/\/andreinapf.com\/wp-content\/uploads\/2025\/08\/Sin-titulo-3-9x12.jpg 9w, https:\/\/andreinapf.com\/wp-content\/uploads\/2025\/08\/Sin-titulo-3-scaled.jpg 1978w\" sizes=\"(max-width: 791px) 100vw, 791px\" \/>\t\t\t\t\t\t\t\t\t\t\t\t\t\t\t<\/div>\n\t\t\t\t<div class=\"elementor-element elementor-element-709dcee elementor-widget elementor-widget-heading\" data-id=\"709dcee\" data-element_type=\"widget\" data-e-type=\"widget\" data-widget_type=\"heading.default\">\n\t\t\t\t\t<h2 class=\"elementor-heading-title elementor-size-default\">Conectando personas, negocios e ideas.\n<\/h2>\t\t\t\t<\/div>\n\t\t\t\t<div class=\"elementor-element elementor-element-b723cea elementor-widget__width-initial elementor-widget elementor-widget-text-editor\" data-id=\"b723cea\" data-element_type=\"widget\" data-e-type=\"widget\" data-widget_type=\"text-editor.default\">\n\t\t\t\t\t\t\t\t\t<p><span style=\"font-weight: 400;\">Mi formaci\u00f3n en Ciencias Econ\u00f3micas y Finanzas fue el punto de partida, pero con el tiempo descubr\u00ed que mi prop\u00f3sito no estaba solo en los n\u00fameros ni en los cargos, sino en crear espacios donde las personas y los proyectos puedan transformarse y crecer.<\/span><\/p><p><span style=\"font-weight: 400;\">Me certifiqu\u00e9 como Coach Ontol\u00f3gica y hoy acompa\u00f1o a empresas y personas en procesos de evoluci\u00f3n profesional y personal a trav\u00e9s de consultor\u00eda, headhunting y mentoring. Adem\u00e1s, impulso proyectos que reflejan mi universo y mi estilo de vida: el arte, la moda y el golf.<\/span><\/p><p class=\"translation-block\">As\u00ed naci\u00f3 b-Wolf, una comunidad que promueve el liderazgo femenino a trav\u00e9s de experiencias exclusivas que combinan networking, golf y negocios. Desde ese mismo deseo creativo, se gesta TIQU\u0116, una propuesta donde dise\u00f1o y movimiento se unen.<\/p><p><span style=\"font-weight: 400;\">Me apasiona idear y dar vida a proyectos con prop\u00f3sito, construir redes genuinas y abrir puertas a nuevas oportunidades. Creo en hacer las cosas con compromiso, sensibilidad est\u00e9tica y conexi\u00f3n real.\u2028<\/span><\/p>\t\t\t\t\t\t\t\t<\/div>\n\t\t\t\t<div class=\"elementor-element elementor-element-5c265ac elementor-widget elementor-widget-image\" data-id=\"5c265ac\" data-element_type=\"widget\" data-e-type=\"widget\" data-widget_type=\"image.default\">\n\t\t\t\t\t\t\t\t\t\t\t\t\t\t\t<img decoding=\"async\" width=\"481\" height=\"308\" src=\"https:\/\/andreinapf.com\/wp-content\/uploads\/2025\/08\/Captura-de-pantalla-2025-08-27-112638.png\" class=\"attachment-large size-large wp-image-151\" alt=\"\" srcset=\"https:\/\/andreinapf.com\/wp-content\/uploads\/2025\/08\/Captura-de-pantalla-2025-08-27-112638.png 481w, https:\/\/andreinapf.com\/wp-content\/uploads\/2025\/08\/Captura-de-pantalla-2025-08-27-112638-300x192.png 300w, https:\/\/andreinapf.com\/wp-content\/uploads\/2025\/08\/Captura-de-pantalla-2025-08-27-112638-18x12.png 18w\" sizes=\"(max-width: 481px) 100vw, 481px\" \/>\t\t\t\t\t\t\t\t\t\t\t\t\t\t\t<\/div>\n\t\t\t\t<div class=\"elementor-element elementor-element-ff87cd8 elementor-widget elementor-widget-text-editor\" data-id=\"ff87cd8\" data-element_type=\"widget\" data-e-type=\"widget\" data-widget_type=\"text-editor.default\">\n\t\t\t\t\t\t\t\t\t<p><a href=\"\/es\/my-path\/\">[Link to my path]<\/a><\/p>\t\t\t\t\t\t\t\t<\/div>\n\t\t\t\t<\/div>\n\t\t\t\t<\/div>","protected":false},"excerpt":{"rendered":"<p>Connecting People, Businesses &amp; Ideas With a foundation in Economics and Finance, I quickly realized my true purpose extends beyond numbers and titles. It lies in creating transformative spaces where individuals and projects can grow and thrive. As a certified Ontological Coach, I partner with companies and professionals on journeys of personal and professional evolution [&hellip;]<\/p>","protected":false},"author":1,"featured_media":0,"parent":0,"menu_order":0,"comment_status":"closed","ping_status":"closed","template":"","meta":{"footnotes":""},"class_list":["post-148","page","type-page","status-publish","hentry"],"yoast_head":"<!-- This site is optimized with the Yoast SEO plugin v27.4 - https:\/\/yoast.com\/product\/yoast-seo-wordpress\/ -->\n<title>About - Andreina perlo Frizza<\/title>\n<meta name=\"description\" content=\"Acerca de nosotros\" \/>\n<meta name=\"robots\" content=\"index, follow, max-snippet:-1, max-image-preview:large, max-video-preview:-1\" \/>\n<link rel=\"canonical\" href=\"https:\/\/andreinapf.com\/es\/about\/\" \/>\n<meta property=\"og:locale\" content=\"es_ES\" \/>\n<meta property=\"og:type\" content=\"article\" \/>\n<meta property=\"og:title\" content=\"About - Andreina perlo Frizza\" \/>\n<meta property=\"og:description\" content=\"Acerca de nosotros\" \/>\n<meta property=\"og:url\" content=\"https:\/\/andreinapf.com\/es\/about\/\" \/>\n<meta property=\"og:site_name\" content=\"Andreina perlo Frizza\" \/>\n<meta property=\"article:modified_time\" content=\"2025-09-04T17:20:00+00:00\" \/>\n<meta property=\"og:image\" content=\"https:\/\/andreinapf.com\/wp-content\/uploads\/2025\/08\/Sin-titulo-3-scaled.jpg\" \/>\n\t<meta property=\"og:image:width\" content=\"1978\" \/>\n\t<meta property=\"og:image:height\" content=\"2560\" \/>\n\t<meta property=\"og:image:type\" content=\"image\/jpeg\" \/>\n<meta name=\"twitter:card\" content=\"summary_large_image\" \/>\n<meta name=\"twitter:label1\" content=\"Tiempo de lectura\" \/>\n\t<meta name=\"twitter:data1\" content=\"1 minuto\" \/>\n<script type=\"application\/ld+json\" class=\"yoast-schema-graph\">{\"@context\":\"https:\\\/\\\/schema.org\",\"@graph\":[{\"@type\":\"WebPage\",\"@id\":\"https:\\\/\\\/andreinapf.com\\\/about\\\/\",\"url\":\"https:\\\/\\\/andreinapf.com\\\/about\\\/\",\"name\":\"About - Andreina perlo Frizza\",\"isPartOf\":{\"@id\":\"https:\\\/\\\/andreinapf.com\\\/#website\"},\"primaryImageOfPage\":{\"@id\":\"https:\\\/\\\/andreinapf.com\\\/about\\\/#primaryimage\"},\"image\":{\"@id\":\"https:\\\/\\\/andreinapf.com\\\/about\\\/#primaryimage\"},\"thumbnailUrl\":\"https:\\\/\\\/andreinapf.com\\\/wp-content\\\/uploads\\\/2025\\\/08\\\/Sin-titulo-3-791x1024.jpg\",\"datePublished\":\"2025-08-27T14:20:34+00:00\",\"dateModified\":\"2025-09-04T17:20:00+00:00\",\"description\":\"Acerca de nosotros\",\"breadcrumb\":{\"@id\":\"https:\\\/\\\/andreinapf.com\\\/about\\\/#breadcrumb\"},\"inLanguage\":\"es-AR\",\"potentialAction\":[{\"@type\":\"ReadAction\",\"target\":[\"https:\\\/\\\/andreinapf.com\\\/about\\\/\"]}]},{\"@type\":\"ImageObject\",\"inLanguage\":\"es-AR\",\"@id\":\"https:\\\/\\\/andreinapf.com\\\/about\\\/#primaryimage\",\"url\":\"https:\\\/\\\/andreinapf.com\\\/wp-content\\\/uploads\\\/2025\\\/08\\\/Sin-titulo-3-791x1024.jpg\",\"contentUrl\":\"https:\\\/\\\/andreinapf.com\\\/wp-content\\\/uploads\\\/2025\\\/08\\\/Sin-titulo-3-791x1024.jpg\"},{\"@type\":\"BreadcrumbList\",\"@id\":\"https:\\\/\\\/andreinapf.com\\\/about\\\/#breadcrumb\",\"itemListElement\":[{\"@type\":\"ListItem\",\"position\":1,\"name\":\"Inicio\",\"item\":\"https:\\\/\\\/andreinapf.com\\\/\"},{\"@type\":\"ListItem\",\"position\":2,\"name\":\"About\"}]},{\"@type\":\"WebSite\",\"@id\":\"https:\\\/\\\/andreinapf.com\\\/#website\",\"url\":\"https:\\\/\\\/andreinapf.com\\\/\",\"name\":\"andreinapf.com\",\"description\":\"Acompa\u00f1o a personas y organizaciones en procesos de transformaci\u00f3n, desarrollo profesional y construcci\u00f3n de equipos s\u00f3lidos y sostenibles. Organizo experiencias \u00fanicas que fusionan mis pasiones: golf, moda, arte y comunidad. Impulso proyectos vinculados al arte y al dise\u00f1o que reflejan mi compromiso con la cultura y la creatividad.\",\"publisher\":{\"@id\":\"https:\\\/\\\/andreinapf.com\\\/#organization\"},\"alternateName\":\"Consultorias y Mentorias Andreinapf\",\"potentialAction\":[{\"@type\":\"SearchAction\",\"target\":{\"@type\":\"EntryPoint\",\"urlTemplate\":\"https:\\\/\\\/andreinapf.com\\\/?s={search_term_string}\"},\"query-input\":{\"@type\":\"PropertyValueSpecification\",\"valueRequired\":true,\"valueName\":\"search_term_string\"}}],\"inLanguage\":\"es-AR\"},{\"@type\":\"Organization\",\"@id\":\"https:\\\/\\\/andreinapf.com\\\/#organization\",\"name\":\"andreinapf.com\",\"url\":\"https:\\\/\\\/andreinapf.com\\\/\",\"logo\":{\"@type\":\"ImageObject\",\"inLanguage\":\"es-AR\",\"@id\":\"https:\\\/\\\/andreinapf.com\\\/#\\\/schema\\\/logo\\\/image\\\/\",\"url\":\"https:\\\/\\\/andreinapf.com\\\/wp-content\\\/uploads\\\/2025\\\/09\\\/cropped-WhatsApp-Image-2025-09-17-at-11.32.37.jpeg\",\"contentUrl\":\"https:\\\/\\\/andreinapf.com\\\/wp-content\\\/uploads\\\/2025\\\/09\\\/cropped-WhatsApp-Image-2025-09-17-at-11.32.37.jpeg\",\"width\":304,\"height\":240,\"caption\":\"andreinapf.com\"},\"image\":{\"@id\":\"https:\\\/\\\/andreinapf.com\\\/#\\\/schema\\\/logo\\\/image\\\/\"}}]}<\/script>\n<!-- \/ Yoast SEO plugin. -->","yoast_head_json":{"title":"About - Andreina perlo Frizza","description":"Acerca de nosotros","robots":{"index":"index","follow":"follow","max-snippet":"max-snippet:-1","max-image-preview":"max-image-preview:large","max-video-preview":"max-video-preview:-1"},"canonical":"https:\/\/andreinapf.com\/es\/about\/","og_locale":"es_ES","og_type":"article","og_title":"About - Andreina perlo Frizza","og_description":"Acerca de nosotros","og_url":"https:\/\/andreinapf.com\/es\/about\/","og_site_name":"Andreina perlo Frizza","article_modified_time":"2025-09-04T17:20:00+00:00","og_image":[{"width":1978,"height":2560,"url":"https:\/\/andreinapf.com\/wp-content\/uploads\/2025\/08\/Sin-titulo-3-scaled.jpg","type":"image\/jpeg"}],"twitter_card":"summary_large_image","twitter_misc":{"Tiempo de lectura":"1 minuto"},"schema":{"@context":"https:\/\/schema.org","@graph":[{"@type":"WebPage","@id":"https:\/\/andreinapf.com\/about\/","url":"https:\/\/andreinapf.com\/about\/","name":"About - Andreina perlo Frizza","isPartOf":{"@id":"https:\/\/andreinapf.com\/#website"},"primaryImageOfPage":{"@id":"https:\/\/andreinapf.com\/about\/#primaryimage"},"image":{"@id":"https:\/\/andreinapf.com\/about\/#primaryimage"},"thumbnailUrl":"https:\/\/andreinapf.com\/wp-content\/uploads\/2025\/08\/Sin-titulo-3-791x1024.jpg","datePublished":"2025-08-27T14:20:34+00:00","dateModified":"2025-09-04T17:20:00+00:00","description":"Acerca de nosotros","breadcrumb":{"@id":"https:\/\/andreinapf.com\/about\/#breadcrumb"},"inLanguage":"es-AR","potentialAction":[{"@type":"ReadAction","target":["https:\/\/andreinapf.com\/about\/"]}]},{"@type":"ImageObject","inLanguage":"es-AR","@id":"https:\/\/andreinapf.com\/about\/#primaryimage","url":"https:\/\/andreinapf.com\/wp-content\/uploads\/2025\/08\/Sin-titulo-3-791x1024.jpg","contentUrl":"https:\/\/andreinapf.com\/wp-content\/uploads\/2025\/08\/Sin-titulo-3-791x1024.jpg"},{"@type":"BreadcrumbList","@id":"https:\/\/andreinapf.com\/about\/#breadcrumb","itemListElement":[{"@type":"ListItem","position":1,"name":"Inicio","item":"https:\/\/andreinapf.com\/"},{"@type":"ListItem","position":2,"name":"About"}]},{"@type":"WebSite","@id":"https:\/\/andreinapf.com\/#website","url":"https:\/\/andreinapf.com\/","name":"andreinapf.com","description":"Acompa\u00f1o a personas y organizaciones en procesos de transformaci\u00f3n, desarrollo profesional y construcci\u00f3n de equipos s\u00f3lidos y sostenibles. Organizo experiencias \u00fanicas que fusionan mis pasiones: golf, moda, arte y comunidad. Impulso proyectos vinculados al arte y al dise\u00f1o que reflejan mi compromiso con la cultura y la creatividad.","publisher":{"@id":"https:\/\/andreinapf.com\/#organization"},"alternateName":"Consultorias y Mentorias Andreinapf","potentialAction":[{"@type":"SearchAction","target":{"@type":"EntryPoint","urlTemplate":"https:\/\/andreinapf.com\/?s={search_term_string}"},"query-input":{"@type":"PropertyValueSpecification","valueRequired":true,"valueName":"search_term_string"}}],"inLanguage":"es-AR"},{"@type":"Organization","@id":"https:\/\/andreinapf.com\/#organization","name":"andreinapf.com","url":"https:\/\/andreinapf.com\/","logo":{"@type":"ImageObject","inLanguage":"es-AR","@id":"https:\/\/andreinapf.com\/#\/schema\/logo\/image\/","url":"https:\/\/andreinapf.com\/wp-content\/uploads\/2025\/09\/cropped-WhatsApp-Image-2025-09-17-at-11.32.37.jpeg","contentUrl":"https:\/\/andreinapf.com\/wp-content\/uploads\/2025\/09\/cropped-WhatsApp-Image-2025-09-17-at-11.32.37.jpeg","width":304,"height":240,"caption":"andreinapf.com"},"image":{"@id":"https:\/\/andreinapf.com\/#\/schema\/logo\/image\/"}}]}},"_links":{"self":[{"href":"https:\/\/andreinapf.com\/es\/wp-json\/wp\/v2\/pages\/148","targetHints":{"allow":["GET"]}}],"collection":[{"href":"https:\/\/andreinapf.com\/es\/wp-json\/wp\/v2\/pages"}],"about":[{"href":"https:\/\/andreinapf.com\/es\/wp-json\/wp\/v2\/types\/page"}],"author":[{"embeddable":true,"href":"https:\/\/andreinapf.com\/es\/wp-json\/wp\/v2\/users\/1"}],"replies":[{"embeddable":true,"href":"https:\/\/andreinapf.com\/es\/wp-json\/wp\/v2\/comments?post=148"}],"version-history":[{"count":26,"href":"https:\/\/andreinapf.com\/es\/wp-json\/wp\/v2\/pages\/148\/revisions"}],"predecessor-version":[{"id":470,"href":"https:\/\/andreinapf.com\/es\/wp-json\/wp\/v2\/pages\/148\/revisions\/470"}],"wp:attachment":[{"href":"https:\/\/andreinapf.com\/es\/wp-json\/wp\/v2\/media?parent=148"}],"curies":[{"name":"wp","href":"https:\/\/api.w.org\/{rel}","templated":true}]}}