{"id":156,"date":"2025-08-27T11:29:46","date_gmt":"2025-08-27T14:29:46","guid":{"rendered":"https:\/\/andreinapf.com\/?page_id=156"},"modified":"2025-09-05T12:36:14","modified_gmt":"2025-09-05T15:36:14","slug":"services","status":"publish","type":"page","link":"https:\/\/andreinapf.com\/es\/services\/","title":{"rendered":"Services"},"content":{"rendered":"<div data-elementor-type=\"wp-page\" data-elementor-id=\"156\" class=\"elementor elementor-156\" data-elementor-post-type=\"page\">\n\t\t\t\t<div class=\"elementor-element elementor-element-bed7400 e-con-full e-flex e-con e-parent\" data-id=\"bed7400\" data-element_type=\"container\" data-e-type=\"container\" data-settings=\"{&quot;background_background&quot;:&quot;classic&quot;}\">\n\t\t<div class=\"elementor-element elementor-element-617ffff e-flex e-con-boxed e-con e-child\" data-id=\"617ffff\" data-element_type=\"container\" data-e-type=\"container\" id=\"consulting\">\n\t\t\t\t\t<div class=\"e-con-inner\">\n\t\t<div class=\"elementor-element elementor-element-0dbf852 e-con-full e-flex e-con e-child\" data-id=\"0dbf852\" data-element_type=\"container\" data-e-type=\"container\">\n\t\t\t\t<div class=\"elementor-element elementor-element-401826d elementor-widget elementor-widget-heading\" data-id=\"401826d\" data-element_type=\"widget\" data-e-type=\"widget\" data-widget_type=\"heading.default\">\n\t\t\t\t\t<h2 class=\"elementor-heading-title elementor-size-default\">CONSULTORIA<\/h2>\t\t\t\t<\/div>\n\t\t\t\t<div class=\"elementor-element elementor-element-cddcff9 elementor-widget elementor-widget-text-editor\" data-id=\"cddcff9\" data-element_type=\"widget\" data-e-type=\"widget\" data-widget_type=\"text-editor.default\">\n\t\t\t\t\t\t\t\t\t<p><strong style=\"font-weight: 200;\">Transformaci\u00f3n, crecimiento y acci\u00f3n estrat\u00e9gica.<\/strong><\/p><p><span style=\"font-weight: 300;\">Acompa\u00f1o a personas y organizaciones en procesos de transformaci\u00f3n, desarrollo profesional y construcci\u00f3n de equipos s\u00f3lidos y sostenibles. Mi enfoque combina visi\u00f3n estrat\u00e9gica, sensibilidad humana y resultados concretos.<br \/><\/span><\/p><p><span style=\"text-decoration: underline; font-weight: 300;\">Transformaci\u00f3n Organizacional &amp; Desarrollo Profesional<\/span><\/p><ul><li style=\"font-weight: 300;\">Headhunting<\/li><li style=\"font-weight: 300;\">Mapeos de mercado<\/li><li style=\"font-weight: 300;\">Estructura organizacional y dise\u00f1o de equipos<\/li><\/ul><p><span style=\"text-decoration: underline; font-weight: 300;\">Coaching &amp; Mentoring<\/span><\/p><ul><li style=\"font-weight: 300;\">Career Mentoring<\/li><li style=\"font-weight: 300;\">CV &amp; LinkedIn Optimization<\/li><li style=\"font-weight: 300;\">Coaching Ontol\u00f3gico<\/li><li style=\"font-weight: 300;\">Coaching Organizacional<\/li><\/ul><p>\u00a0<\/p><p><span style=\"font-weight: 400;\">Let\u2019s work together to unlock potential, strengthen teams, and turn strategy into action. <\/span><\/p>\t\t\t\t\t\t\t\t<\/div>\n\t\t\t\t<\/div>\n\t\t<div class=\"elementor-element elementor-element-7dcbda7 e-con-full e-flex e-con e-child\" data-id=\"7dcbda7\" data-element_type=\"container\" data-e-type=\"container\">\n\t\t\t\t<div class=\"elementor-element elementor-element-945e063 elementor-widget__width-initial elementor-widget elementor-widget-image\" data-id=\"945e063\" data-element_type=\"widget\" data-e-type=\"widget\" data-widget_type=\"image.default\">\n\t\t\t\t\t\t\t\t\t\t\t\t\t\t\t<img fetchpriority=\"high\" decoding=\"async\" width=\"217\" height=\"270\" src=\"https:\/\/andreinapf.com\/wp-content\/uploads\/2025\/08\/Captura-de-pantalla-2025-08-27-115214.png\" class=\"attachment-large size-large wp-image-168\" alt=\"\" srcset=\"https:\/\/andreinapf.com\/wp-content\/uploads\/2025\/08\/Captura-de-pantalla-2025-08-27-115214.png 217w, https:\/\/andreinapf.com\/wp-content\/uploads\/2025\/08\/Captura-de-pantalla-2025-08-27-115214-10x12.png 10w\" sizes=\"(max-width: 217px) 100vw, 217px\" \/>\t\t\t\t\t\t\t\t\t\t\t\t\t\t\t<\/div>\n\t\t\t\t<\/div>\n\t\t\t\t\t<\/div>\n\t\t\t\t<\/div>\n\t\t<div class=\"elementor-element elementor-element-d37345a e-flex e-con-boxed e-con e-child\" data-id=\"d37345a\" data-element_type=\"container\" data-e-type=\"container\" id=\"events\">\n\t\t\t\t\t<div class=\"e-con-inner\">\n\t\t<div class=\"elementor-element elementor-element-74191e7 e-con-full e-flex e-con e-child\" data-id=\"74191e7\" data-element_type=\"container\" data-e-type=\"container\">\n\t\t\t\t<div class=\"elementor-element elementor-element-aa46d61 elementor-widget elementor-widget-heading\" data-id=\"aa46d61\" data-element_type=\"widget\" data-e-type=\"widget\" data-widget_type=\"heading.default\">\n\t\t\t\t\t<h2 class=\"elementor-heading-title elementor-size-default\">EVENTOS<\/h2>\t\t\t\t<\/div>\n\t\t\t\t<div class=\"elementor-element elementor-element-40490d3 elementor-widget elementor-widget-text-editor\" data-id=\"40490d3\" data-element_type=\"widget\" data-e-type=\"widget\" data-widget_type=\"text-editor.default\">\n\t\t\t\t\t\t\t\t\t<p><span style=\"font-weight: 400;\">Ocasiones que se convierten en impulso.<\/span><\/p><p><span style=\"font-weight: 300;\">Organizo experiencias \u00fanicas que fusionan mis pasiones: golf, moda, arte y comunidad. Destaco INA GLAM - TIQU\u0116 CUP, un torneo que celebra el encuentro entre deporte, dise\u00f1o y creatividad, reflejando mi proceso creativo y estilo de vida. Este evento se ha realizado en dos ediciones inolvidables: en Pilar\u00e1 Golf 2024 y Pilar Golf 2025.\nAdem\u00e1s, gestiono eventos vinculados al mundo de la moda, donde el networking y la inspiraci\u00f3n son protagonistas, creando espacios exclusivos para conectar talentos y tendencias.<br \/><\/span><\/p><p><span style=\"font-weight: 300;\">I also manage events within the fashion world, where networking and inspiration take center stage, creating exclusive spaces to connect talent and trends.<br \/><\/span><\/p>\t\t\t\t\t\t\t\t<\/div>\n\t\t\t\t<\/div>\n\t\t<div class=\"elementor-element elementor-element-08d437c e-con-full e-flex e-con e-child\" data-id=\"08d437c\" data-element_type=\"container\" data-e-type=\"container\">\n\t\t\t\t<div class=\"elementor-element elementor-element-1efcc6a elementor-widget__width-initial elementor-widget-mobile__width-initial elementor-widget elementor-widget-image\" data-id=\"1efcc6a\" data-element_type=\"widget\" data-e-type=\"widget\" data-widget_type=\"image.default\">\n\t\t\t\t\t\t\t\t\t\t\t\t\t\t\t<img decoding=\"async\" width=\"227\" height=\"302\" src=\"https:\/\/andreinapf.com\/wp-content\/uploads\/2025\/08\/Captura-de-pantalla-2025-08-27-115454.png\" class=\"attachment-large size-large wp-image-169\" alt=\"\" srcset=\"https:\/\/andreinapf.com\/wp-content\/uploads\/2025\/08\/Captura-de-pantalla-2025-08-27-115454.png 227w, https:\/\/andreinapf.com\/wp-content\/uploads\/2025\/08\/Captura-de-pantalla-2025-08-27-115454-225x300.png 225w, https:\/\/andreinapf.com\/wp-content\/uploads\/2025\/08\/Captura-de-pantalla-2025-08-27-115454-9x12.png 9w\" sizes=\"(max-width: 227px) 100vw, 227px\" \/>\t\t\t\t\t\t\t\t\t\t\t\t\t\t\t<\/div>\n\t\t\t\t<\/div>\n\t\t\t\t\t<\/div>\n\t\t\t\t<\/div>\n\t\t<div class=\"elementor-element elementor-element-748e5c2 e-flex e-con-boxed e-con e-child\" data-id=\"748e5c2\" data-element_type=\"container\" data-e-type=\"container\" id=\"art\">\n\t\t\t\t\t<div class=\"e-con-inner\">\n\t\t<div class=\"elementor-element elementor-element-aa6589a e-con-full e-flex e-con e-child\" data-id=\"aa6589a\" data-element_type=\"container\" data-e-type=\"container\">\n\t\t\t\t<div class=\"elementor-element elementor-element-39d3f9c elementor-widget elementor-widget-heading\" data-id=\"39d3f9c\" data-element_type=\"widget\" data-e-type=\"widget\" data-widget_type=\"heading.default\">\n\t\t\t\t\t<h2 class=\"elementor-heading-title elementor-size-default\">ARTE &amp; DISE\u00d1O<\/h2>\t\t\t\t<\/div>\n\t\t\t\t<div class=\"elementor-element elementor-element-3e7ab75 elementor-widget elementor-widget-text-editor\" data-id=\"3e7ab75\" data-element_type=\"widget\" data-e-type=\"widget\" data-widget_type=\"text-editor.default\">\n\t\t\t\t\t\t\t\t\t<p style=\"font-weight: 200;\">Entre visi\u00f3n cr\u00edtica y creaci\u00f3n.<\/p><p><span style=\"font-weight: 300;\">Impulso proyectos vinculados al arte y al dise\u00f1o que reflejan mi compromiso con la cultura y la creatividad.<\/span><\/p><p><span style=\"font-weight: 300;\">I coordinate <strong>Young Collections<\/strong>, an initiative that invites people into the art world through artist studio visits, fostering a passion for collecting and inspiring them to begin their own collections.<\/span><\/p><p><span style=\"font-weight: 300;\">I also collaborate with <strong>Un\u00edon.e<\/strong>, a creative agency based in Buenos Aires and Milan, promoting Latin American design and culture on global platforms\u2014focusing on institutional development and the creation of strategic alliances.<\/span><\/p>\t\t\t\t\t\t\t\t<\/div>\n\t\t\t\t<\/div>\n\t\t<div class=\"elementor-element elementor-element-f14a85e e-con-full e-flex e-con e-child\" data-id=\"f14a85e\" data-element_type=\"container\" data-e-type=\"container\">\n\t\t\t\t<div class=\"elementor-element elementor-element-7d7a476 elementor-widget__width-initial elementor-widget elementor-widget-image\" data-id=\"7d7a476\" data-element_type=\"widget\" data-e-type=\"widget\" data-widget_type=\"image.default\">\n\t\t\t\t\t\t\t\t\t\t\t\t\t\t\t<img decoding=\"async\" width=\"179\" height=\"251\" src=\"https:\/\/andreinapf.com\/wp-content\/uploads\/2025\/08\/Captura-de-pantalla-2025-08-27-122250.png\" class=\"attachment-large size-large wp-image-173\" alt=\"\" srcset=\"https:\/\/andreinapf.com\/wp-content\/uploads\/2025\/08\/Captura-de-pantalla-2025-08-27-122250.png 179w, https:\/\/andreinapf.com\/wp-content\/uploads\/2025\/08\/Captura-de-pantalla-2025-08-27-122250-9x12.png 9w\" sizes=\"(max-width: 179px) 100vw, 179px\" \/>\t\t\t\t\t\t\t\t\t\t\t\t\t\t\t<\/div>\n\t\t\t\t<\/div>\n\t\t\t\t\t<\/div>\n\t\t\t\t<\/div>\n\t\t\t\t<\/div>\n\t\t\t\t<\/div>","protected":false},"excerpt":{"rendered":"<p>consulting Transformation, Growth &amp; Strategic Action I partner with individuals and organizations to drive transformation, accelerate professional growth, and build strong, sustainable teams. My work blends strategic vision, human insight, and measurable results. Organizational Transformation &amp; Professional Development Executive Search &amp; Headhunting Market Mapping &amp; Talent Insights Organizational Design &amp; Team Structuring Coaching &amp; Mentoring [&hellip;]<\/p>","protected":false},"author":1,"featured_media":0,"parent":0,"menu_order":0,"comment_status":"closed","ping_status":"closed","template":"","meta":{"footnotes":""},"class_list":["post-156","page","type-page","status-publish","hentry"],"yoast_head":"<!-- This site is optimized with the Yoast SEO plugin v27.4 - https:\/\/yoast.com\/product\/yoast-seo-wordpress\/ -->\n<title>Services - Andreina perlo Frizza<\/title>\n<meta name=\"description\" content=\"Servicios que ofrecemos\" \/>\n<meta name=\"robots\" content=\"index, follow, max-snippet:-1, max-image-preview:large, max-video-preview:-1\" \/>\n<link rel=\"canonical\" href=\"https:\/\/andreinapf.com\/es\/services\/\" \/>\n<meta property=\"og:locale\" content=\"es_ES\" \/>\n<meta property=\"og:type\" content=\"article\" \/>\n<meta property=\"og:title\" content=\"Services - Andreina perlo Frizza\" \/>\n<meta property=\"og:description\" content=\"Servicios que ofrecemos\" \/>\n<meta property=\"og:url\" content=\"https:\/\/andreinapf.com\/es\/services\/\" \/>\n<meta property=\"og:site_name\" content=\"Andreina perlo Frizza\" \/>\n<meta property=\"article:modified_time\" content=\"2025-09-05T15:36:14+00:00\" \/>\n<meta property=\"og:image\" content=\"https:\/\/andreinapf.com\/wp-content\/uploads\/2025\/08\/Captura-de-pantalla-2025-08-27-115214.png\" \/>\n\t<meta property=\"og:image:width\" content=\"217\" \/>\n\t<meta property=\"og:image:height\" content=\"270\" \/>\n\t<meta property=\"og:image:type\" content=\"image\/png\" \/>\n<meta name=\"twitter:card\" content=\"summary_large_image\" \/>\n<meta name=\"twitter:label1\" content=\"Tiempo de lectura\" \/>\n\t<meta name=\"twitter:data1\" content=\"1 minuto\" \/>\n<script type=\"application\/ld+json\" class=\"yoast-schema-graph\">{\"@context\":\"https:\\\/\\\/schema.org\",\"@graph\":[{\"@type\":\"WebPage\",\"@id\":\"https:\\\/\\\/andreinapf.com\\\/services\\\/\",\"url\":\"https:\\\/\\\/andreinapf.com\\\/services\\\/\",\"name\":\"Services - Andreina perlo Frizza\",\"isPartOf\":{\"@id\":\"https:\\\/\\\/andreinapf.com\\\/#website\"},\"primaryImageOfPage\":{\"@id\":\"https:\\\/\\\/andreinapf.com\\\/services\\\/#primaryimage\"},\"image\":{\"@id\":\"https:\\\/\\\/andreinapf.com\\\/services\\\/#primaryimage\"},\"thumbnailUrl\":\"https:\\\/\\\/andreinapf.com\\\/wp-content\\\/uploads\\\/2025\\\/08\\\/Captura-de-pantalla-2025-08-27-115214.png\",\"datePublished\":\"2025-08-27T14:29:46+00:00\",\"dateModified\":\"2025-09-05T15:36:14+00:00\",\"description\":\"Servicios que ofrecemos\",\"breadcrumb\":{\"@id\":\"https:\\\/\\\/andreinapf.com\\\/services\\\/#breadcrumb\"},\"inLanguage\":\"es-AR\",\"potentialAction\":[{\"@type\":\"ReadAction\",\"target\":[\"https:\\\/\\\/andreinapf.com\\\/services\\\/\"]}]},{\"@type\":\"ImageObject\",\"inLanguage\":\"es-AR\",\"@id\":\"https:\\\/\\\/andreinapf.com\\\/services\\\/#primaryimage\",\"url\":\"https:\\\/\\\/andreinapf.com\\\/wp-content\\\/uploads\\\/2025\\\/08\\\/Captura-de-pantalla-2025-08-27-115214.png\",\"contentUrl\":\"https:\\\/\\\/andreinapf.com\\\/wp-content\\\/uploads\\\/2025\\\/08\\\/Captura-de-pantalla-2025-08-27-115214.png\"},{\"@type\":\"BreadcrumbList\",\"@id\":\"https:\\\/\\\/andreinapf.com\\\/services\\\/#breadcrumb\",\"itemListElement\":[{\"@type\":\"ListItem\",\"position\":1,\"name\":\"Inicio\",\"item\":\"https:\\\/\\\/andreinapf.com\\\/\"},{\"@type\":\"ListItem\",\"position\":2,\"name\":\"Services\"}]},{\"@type\":\"WebSite\",\"@id\":\"https:\\\/\\\/andreinapf.com\\\/#website\",\"url\":\"https:\\\/\\\/andreinapf.com\\\/\",\"name\":\"andreinapf.com\",\"description\":\"Acompa\u00f1o a personas y organizaciones en procesos de transformaci\u00f3n, desarrollo profesional y construcci\u00f3n de equipos s\u00f3lidos y sostenibles. Organizo experiencias \u00fanicas que fusionan mis pasiones: golf, moda, arte y comunidad. Impulso proyectos vinculados al arte y al dise\u00f1o que reflejan mi compromiso con la cultura y la creatividad.\",\"publisher\":{\"@id\":\"https:\\\/\\\/andreinapf.com\\\/#organization\"},\"alternateName\":\"Consultorias y Mentorias Andreinapf\",\"potentialAction\":[{\"@type\":\"SearchAction\",\"target\":{\"@type\":\"EntryPoint\",\"urlTemplate\":\"https:\\\/\\\/andreinapf.com\\\/?s={search_term_string}\"},\"query-input\":{\"@type\":\"PropertyValueSpecification\",\"valueRequired\":true,\"valueName\":\"search_term_string\"}}],\"inLanguage\":\"es-AR\"},{\"@type\":\"Organization\",\"@id\":\"https:\\\/\\\/andreinapf.com\\\/#organization\",\"name\":\"andreinapf.com\",\"url\":\"https:\\\/\\\/andreinapf.com\\\/\",\"logo\":{\"@type\":\"ImageObject\",\"inLanguage\":\"es-AR\",\"@id\":\"https:\\\/\\\/andreinapf.com\\\/#\\\/schema\\\/logo\\\/image\\\/\",\"url\":\"https:\\\/\\\/andreinapf.com\\\/wp-content\\\/uploads\\\/2025\\\/09\\\/cropped-WhatsApp-Image-2025-09-17-at-11.32.37.jpeg\",\"contentUrl\":\"https:\\\/\\\/andreinapf.com\\\/wp-content\\\/uploads\\\/2025\\\/09\\\/cropped-WhatsApp-Image-2025-09-17-at-11.32.37.jpeg\",\"width\":304,\"height\":240,\"caption\":\"andreinapf.com\"},\"image\":{\"@id\":\"https:\\\/\\\/andreinapf.com\\\/#\\\/schema\\\/logo\\\/image\\\/\"}}]}<\/script>\n<!-- \/ Yoast SEO plugin. -->","yoast_head_json":{"title":"Services - Andreina perlo Frizza","description":"Servicios que ofrecemos","robots":{"index":"index","follow":"follow","max-snippet":"max-snippet:-1","max-image-preview":"max-image-preview:large","max-video-preview":"max-video-preview:-1"},"canonical":"https:\/\/andreinapf.com\/es\/services\/","og_locale":"es_ES","og_type":"article","og_title":"Services - Andreina perlo Frizza","og_description":"Servicios que ofrecemos","og_url":"https:\/\/andreinapf.com\/es\/services\/","og_site_name":"Andreina perlo Frizza","article_modified_time":"2025-09-05T15:36:14+00:00","og_image":[{"width":217,"height":270,"url":"https:\/\/andreinapf.com\/wp-content\/uploads\/2025\/08\/Captura-de-pantalla-2025-08-27-115214.png","type":"image\/png"}],"twitter_card":"summary_large_image","twitter_misc":{"Tiempo de lectura":"1 minuto"},"schema":{"@context":"https:\/\/schema.org","@graph":[{"@type":"WebPage","@id":"https:\/\/andreinapf.com\/services\/","url":"https:\/\/andreinapf.com\/services\/","name":"Services - Andreina perlo Frizza","isPartOf":{"@id":"https:\/\/andreinapf.com\/#website"},"primaryImageOfPage":{"@id":"https:\/\/andreinapf.com\/services\/#primaryimage"},"image":{"@id":"https:\/\/andreinapf.com\/services\/#primaryimage"},"thumbnailUrl":"https:\/\/andreinapf.com\/wp-content\/uploads\/2025\/08\/Captura-de-pantalla-2025-08-27-115214.png","datePublished":"2025-08-27T14:29:46+00:00","dateModified":"2025-09-05T15:36:14+00:00","description":"Servicios que ofrecemos","breadcrumb":{"@id":"https:\/\/andreinapf.com\/services\/#breadcrumb"},"inLanguage":"es-AR","potentialAction":[{"@type":"ReadAction","target":["https:\/\/andreinapf.com\/services\/"]}]},{"@type":"ImageObject","inLanguage":"es-AR","@id":"https:\/\/andreinapf.com\/services\/#primaryimage","url":"https:\/\/andreinapf.com\/wp-content\/uploads\/2025\/08\/Captura-de-pantalla-2025-08-27-115214.png","contentUrl":"https:\/\/andreinapf.com\/wp-content\/uploads\/2025\/08\/Captura-de-pantalla-2025-08-27-115214.png"},{"@type":"BreadcrumbList","@id":"https:\/\/andreinapf.com\/services\/#breadcrumb","itemListElement":[{"@type":"ListItem","position":1,"name":"Inicio","item":"https:\/\/andreinapf.com\/"},{"@type":"ListItem","position":2,"name":"Services"}]},{"@type":"WebSite","@id":"https:\/\/andreinapf.com\/#website","url":"https:\/\/andreinapf.com\/","name":"andreinapf.com","description":"Acompa\u00f1o a personas y organizaciones en procesos de transformaci\u00f3n, desarrollo profesional y construcci\u00f3n de equipos s\u00f3lidos y sostenibles. Organizo experiencias \u00fanicas que fusionan mis pasiones: golf, moda, arte y comunidad. Impulso proyectos vinculados al arte y al dise\u00f1o que reflejan mi compromiso con la cultura y la creatividad.","publisher":{"@id":"https:\/\/andreinapf.com\/#organization"},"alternateName":"Consultorias y Mentorias Andreinapf","potentialAction":[{"@type":"SearchAction","target":{"@type":"EntryPoint","urlTemplate":"https:\/\/andreinapf.com\/?s={search_term_string}"},"query-input":{"@type":"PropertyValueSpecification","valueRequired":true,"valueName":"search_term_string"}}],"inLanguage":"es-AR"},{"@type":"Organization","@id":"https:\/\/andreinapf.com\/#organization","name":"andreinapf.com","url":"https:\/\/andreinapf.com\/","logo":{"@type":"ImageObject","inLanguage":"es-AR","@id":"https:\/\/andreinapf.com\/#\/schema\/logo\/image\/","url":"https:\/\/andreinapf.com\/wp-content\/uploads\/2025\/09\/cropped-WhatsApp-Image-2025-09-17-at-11.32.37.jpeg","contentUrl":"https:\/\/andreinapf.com\/wp-content\/uploads\/2025\/09\/cropped-WhatsApp-Image-2025-09-17-at-11.32.37.jpeg","width":304,"height":240,"caption":"andreinapf.com"},"image":{"@id":"https:\/\/andreinapf.com\/#\/schema\/logo\/image\/"}}]}},"_links":{"self":[{"href":"https:\/\/andreinapf.com\/es\/wp-json\/wp\/v2\/pages\/156","targetHints":{"allow":["GET"]}}],"collection":[{"href":"https:\/\/andreinapf.com\/es\/wp-json\/wp\/v2\/pages"}],"about":[{"href":"https:\/\/andreinapf.com\/es\/wp-json\/wp\/v2\/types\/page"}],"author":[{"embeddable":true,"href":"https:\/\/andreinapf.com\/es\/wp-json\/wp\/v2\/users\/1"}],"replies":[{"embeddable":true,"href":"https:\/\/andreinapf.com\/es\/wp-json\/wp\/v2\/comments?post=156"}],"version-history":[{"count":29,"href":"https:\/\/andreinapf.com\/es\/wp-json\/wp\/v2\/pages\/156\/revisions"}],"predecessor-version":[{"id":457,"href":"https:\/\/andreinapf.com\/es\/wp-json\/wp\/v2\/pages\/156\/revisions\/457"}],"wp:attachment":[{"href":"https:\/\/andreinapf.com\/es\/wp-json\/wp\/v2\/media?parent=156"}],"curies":[{"name":"wp","href":"https:\/\/api.w.org\/{rel}","templated":true}]}}