{"id":249,"date":"2025-08-31T19:26:37","date_gmt":"2025-08-31T22:26:37","guid":{"rendered":"https:\/\/andreinapf.com\/?page_id=249"},"modified":"2025-09-03T12:28:06","modified_gmt":"2025-09-03T15:28:06","slug":"my-path","status":"publish","type":"page","link":"https:\/\/andreinapf.com\/es\/my-path\/","title":{"rendered":"Trayectoria"},"content":{"rendered":"<div data-elementor-type=\"wp-page\" data-elementor-id=\"249\" class=\"elementor elementor-249\" data-elementor-post-type=\"page\">\n\t\t\t\t<div class=\"elementor-element elementor-element-57f0e13 e-con-full e-flex e-con e-parent\" data-id=\"57f0e13\" data-element_type=\"container\" data-e-type=\"container\" data-settings=\"{&quot;background_background&quot;:&quot;classic&quot;}\">\n\t\t\t\t<div class=\"elementor-element elementor-element-d92abbe elementor-widget__width-initial elementor-widget-mobile__width-initial elementor-widget elementor-widget-text-editor\" data-id=\"d92abbe\" data-element_type=\"widget\" data-e-type=\"widget\" data-widget_type=\"text-editor.default\">\n\t\t\t\t\t\t\t\t\t<h2><strong>Mi Trayectoria \/\u00a0My Path<\/strong><\/h2><h4>Formaci\u00f3n Acad\u00e9mica<\/h4><ul><li>Licenciatura en Econom\u00eda \u2013 UCEMA (2010-2013)<\/li><li>Maestr\u00eda en Finanzas y Mercado de Capitales (2014-2015)<\/li><li>Certificaci\u00f3n en Coaching Ontol\u00f3gico \u2013 Protagonistas del Cambio (2020)<\/li><\/ul><p>\u00a0<\/p><h4>Experiencia Profesional<\/h4><ul><li>Finance Internship &#8211; Kimberly Clark (2010-2011)<\/li><li>Financial Planning &#8211; Telecom (2012 &#8211; 2013)<\/li><li>Business Banking \u2013 ICBC (2014-2016)<\/li><li>Estrategia de Negocios \u2013 BYMA (2018)<\/li><li>Headhunting &amp; Consultor\u00eda \u2013 Michael Page (2019-2021)<\/li><li>Chief of Staff &amp; Operations \u2013 Ethermail (2022)<\/li><li>Consultor\u00eda &amp; Mentor\u00eda Independiente (2023 &#8211; Actualidad)<\/li><\/ul><p>\u00a0<\/p><h4>Hitos Personales y Creativos<\/h4><ul><li>2021: Regreso al golf luego de 13 a\u00f1os \u2013 Golf Club Argentino<\/li><li>2021: Ingreso al Comit\u00e9 de Adquisiciones de J\u00f3venes de Museo Malba<\/li><li>2022: Nace el proceso creativo de TIQU\u0116<\/li><li>2022: Experiencia en arte contempor\u00e1neo \u2013 Galer\u00eda Del Infinito<\/li><li>2023: Primer torneo de golf INA Glam &amp; nacimiento de b-Wolf<\/li><li>2024-2025: Expansi\u00f3n de b-Wolf y desarrollo de eventos exclusivos<\/li><li>2025: Nacimiento de Young Collections y comienzos colaborando con Union.e<\/li><\/ul>\t\t\t\t\t\t\t\t<\/div>\n\t\t\t\t<\/div>\n\t\t\t\t<\/div>","protected":false},"excerpt":{"rendered":"<p>Mi Trayectoria \/\u00a0My Path Formaci\u00f3n Acad\u00e9mica Licenciatura en Econom\u00eda \u2013 UCEMA (2010-2013) Maestr\u00eda en Finanzas y Mercado de Capitales (2014-2015) Certificaci\u00f3n en Coaching Ontol\u00f3gico \u2013 Protagonistas del Cambio (2020) \u00a0 Experiencia Profesional Finance Internship &#8211; Kimberly Clark (2010-2011) Financial Planning &#8211; Telecom (2012 &#8211; 2013) Business Banking \u2013 ICBC (2014-2016) Estrategia de Negocios \u2013 BYMA [&hellip;]<\/p>","protected":false},"author":1,"featured_media":0,"parent":0,"menu_order":0,"comment_status":"closed","ping_status":"closed","template":"","meta":{"footnotes":""},"class_list":["post-249","page","type-page","status-publish","hentry"],"yoast_head":"<!-- This site is optimized with the Yoast SEO plugin v27.4 - https:\/\/yoast.com\/product\/yoast-seo-wordpress\/ -->\n<title>Trayectoria - Andreina perlo Frizza<\/title>\n<meta name=\"description\" content=\"Carrera que llevamos adelante\" \/>\n<meta name=\"robots\" content=\"index, follow, max-snippet:-1, max-image-preview:large, max-video-preview:-1\" \/>\n<link rel=\"canonical\" href=\"https:\/\/andreinapf.com\/es\/my-path\/\" \/>\n<meta property=\"og:locale\" content=\"es_ES\" \/>\n<meta property=\"og:type\" content=\"article\" \/>\n<meta property=\"og:title\" content=\"Trayectoria - Andreina perlo Frizza\" \/>\n<meta property=\"og:description\" content=\"Carrera que llevamos adelante\" \/>\n<meta property=\"og:url\" content=\"https:\/\/andreinapf.com\/es\/my-path\/\" \/>\n<meta property=\"og:site_name\" content=\"Andreina perlo Frizza\" \/>\n<meta property=\"article:modified_time\" content=\"2025-09-03T15:28:06+00:00\" \/>\n<meta property=\"og:image\" content=\"https:\/\/andreinapf.com\/wp-content\/uploads\/2025\/09\/Captura-de-pantalla-2025-09-17-104327.png\" \/>\n\t<meta property=\"og:image:width\" content=\"1088\" \/>\n\t<meta property=\"og:image:height\" content=\"775\" \/>\n\t<meta property=\"og:image:type\" content=\"image\/png\" \/>\n<meta name=\"twitter:card\" content=\"summary_large_image\" \/>\n<meta name=\"twitter:label1\" content=\"Tiempo de lectura\" \/>\n\t<meta name=\"twitter:data1\" content=\"1 minuto\" \/>\n<script type=\"application\/ld+json\" class=\"yoast-schema-graph\">{\"@context\":\"https:\\\/\\\/schema.org\",\"@graph\":[{\"@type\":\"WebPage\",\"@id\":\"https:\\\/\\\/andreinapf.com\\\/my-path\\\/\",\"url\":\"https:\\\/\\\/andreinapf.com\\\/my-path\\\/\",\"name\":\"Trayectoria - Andreina perlo Frizza\",\"isPartOf\":{\"@id\":\"https:\\\/\\\/andreinapf.com\\\/#website\"},\"datePublished\":\"2025-08-31T22:26:37+00:00\",\"dateModified\":\"2025-09-03T15:28:06+00:00\",\"description\":\"Carrera que llevamos adelante\",\"breadcrumb\":{\"@id\":\"https:\\\/\\\/andreinapf.com\\\/my-path\\\/#breadcrumb\"},\"inLanguage\":\"es-AR\",\"potentialAction\":[{\"@type\":\"ReadAction\",\"target\":[\"https:\\\/\\\/andreinapf.com\\\/my-path\\\/\"]}]},{\"@type\":\"BreadcrumbList\",\"@id\":\"https:\\\/\\\/andreinapf.com\\\/my-path\\\/#breadcrumb\",\"itemListElement\":[{\"@type\":\"ListItem\",\"position\":1,\"name\":\"Inicio\",\"item\":\"https:\\\/\\\/andreinapf.com\\\/\"},{\"@type\":\"ListItem\",\"position\":2,\"name\":\"Trayectoria\"}]},{\"@type\":\"WebSite\",\"@id\":\"https:\\\/\\\/andreinapf.com\\\/#website\",\"url\":\"https:\\\/\\\/andreinapf.com\\\/\",\"name\":\"andreinapf.com\",\"description\":\"Acompa\u00f1o a personas y organizaciones en procesos de transformaci\u00f3n, desarrollo profesional y construcci\u00f3n de equipos s\u00f3lidos y sostenibles. Organizo experiencias \u00fanicas que fusionan mis pasiones: golf, moda, arte y comunidad. Impulso proyectos vinculados al arte y al dise\u00f1o que reflejan mi compromiso con la cultura y la creatividad.\",\"publisher\":{\"@id\":\"https:\\\/\\\/andreinapf.com\\\/#organization\"},\"alternateName\":\"Consultorias y Mentorias Andreinapf\",\"potentialAction\":[{\"@type\":\"SearchAction\",\"target\":{\"@type\":\"EntryPoint\",\"urlTemplate\":\"https:\\\/\\\/andreinapf.com\\\/?s={search_term_string}\"},\"query-input\":{\"@type\":\"PropertyValueSpecification\",\"valueRequired\":true,\"valueName\":\"search_term_string\"}}],\"inLanguage\":\"es-AR\"},{\"@type\":\"Organization\",\"@id\":\"https:\\\/\\\/andreinapf.com\\\/#organization\",\"name\":\"andreinapf.com\",\"url\":\"https:\\\/\\\/andreinapf.com\\\/\",\"logo\":{\"@type\":\"ImageObject\",\"inLanguage\":\"es-AR\",\"@id\":\"https:\\\/\\\/andreinapf.com\\\/#\\\/schema\\\/logo\\\/image\\\/\",\"url\":\"https:\\\/\\\/andreinapf.com\\\/wp-content\\\/uploads\\\/2025\\\/09\\\/cropped-WhatsApp-Image-2025-09-17-at-11.32.37.jpeg\",\"contentUrl\":\"https:\\\/\\\/andreinapf.com\\\/wp-content\\\/uploads\\\/2025\\\/09\\\/cropped-WhatsApp-Image-2025-09-17-at-11.32.37.jpeg\",\"width\":304,\"height\":240,\"caption\":\"andreinapf.com\"},\"image\":{\"@id\":\"https:\\\/\\\/andreinapf.com\\\/#\\\/schema\\\/logo\\\/image\\\/\"}}]}<\/script>\n<!-- \/ Yoast SEO plugin. -->","yoast_head_json":{"title":"Trayectoria - Andreina perlo Frizza","description":"Carrera que llevamos adelante","robots":{"index":"index","follow":"follow","max-snippet":"max-snippet:-1","max-image-preview":"max-image-preview:large","max-video-preview":"max-video-preview:-1"},"canonical":"https:\/\/andreinapf.com\/es\/my-path\/","og_locale":"es_ES","og_type":"article","og_title":"Trayectoria - Andreina perlo Frizza","og_description":"Carrera que llevamos adelante","og_url":"https:\/\/andreinapf.com\/es\/my-path\/","og_site_name":"Andreina perlo Frizza","article_modified_time":"2025-09-03T15:28:06+00:00","og_image":[{"width":1088,"height":775,"url":"https:\/\/andreinapf.com\/wp-content\/uploads\/2025\/09\/Captura-de-pantalla-2025-09-17-104327.png","type":"image\/png"}],"twitter_card":"summary_large_image","twitter_misc":{"Tiempo de lectura":"1 minuto"},"schema":{"@context":"https:\/\/schema.org","@graph":[{"@type":"WebPage","@id":"https:\/\/andreinapf.com\/my-path\/","url":"https:\/\/andreinapf.com\/my-path\/","name":"Trayectoria - Andreina perlo Frizza","isPartOf":{"@id":"https:\/\/andreinapf.com\/#website"},"datePublished":"2025-08-31T22:26:37+00:00","dateModified":"2025-09-03T15:28:06+00:00","description":"Carrera que llevamos adelante","breadcrumb":{"@id":"https:\/\/andreinapf.com\/my-path\/#breadcrumb"},"inLanguage":"es-AR","potentialAction":[{"@type":"ReadAction","target":["https:\/\/andreinapf.com\/my-path\/"]}]},{"@type":"BreadcrumbList","@id":"https:\/\/andreinapf.com\/my-path\/#breadcrumb","itemListElement":[{"@type":"ListItem","position":1,"name":"Inicio","item":"https:\/\/andreinapf.com\/"},{"@type":"ListItem","position":2,"name":"Trayectoria"}]},{"@type":"WebSite","@id":"https:\/\/andreinapf.com\/#website","url":"https:\/\/andreinapf.com\/","name":"andreinapf.com","description":"Acompa\u00f1o a personas y organizaciones en procesos de transformaci\u00f3n, desarrollo profesional y construcci\u00f3n de equipos s\u00f3lidos y sostenibles. Organizo experiencias \u00fanicas que fusionan mis pasiones: golf, moda, arte y comunidad. Impulso proyectos vinculados al arte y al dise\u00f1o que reflejan mi compromiso con la cultura y la creatividad.","publisher":{"@id":"https:\/\/andreinapf.com\/#organization"},"alternateName":"Consultorias y Mentorias Andreinapf","potentialAction":[{"@type":"SearchAction","target":{"@type":"EntryPoint","urlTemplate":"https:\/\/andreinapf.com\/?s={search_term_string}"},"query-input":{"@type":"PropertyValueSpecification","valueRequired":true,"valueName":"search_term_string"}}],"inLanguage":"es-AR"},{"@type":"Organization","@id":"https:\/\/andreinapf.com\/#organization","name":"andreinapf.com","url":"https:\/\/andreinapf.com\/","logo":{"@type":"ImageObject","inLanguage":"es-AR","@id":"https:\/\/andreinapf.com\/#\/schema\/logo\/image\/","url":"https:\/\/andreinapf.com\/wp-content\/uploads\/2025\/09\/cropped-WhatsApp-Image-2025-09-17-at-11.32.37.jpeg","contentUrl":"https:\/\/andreinapf.com\/wp-content\/uploads\/2025\/09\/cropped-WhatsApp-Image-2025-09-17-at-11.32.37.jpeg","width":304,"height":240,"caption":"andreinapf.com"},"image":{"@id":"https:\/\/andreinapf.com\/#\/schema\/logo\/image\/"}}]}},"_links":{"self":[{"href":"https:\/\/andreinapf.com\/es\/wp-json\/wp\/v2\/pages\/249","targetHints":{"allow":["GET"]}}],"collection":[{"href":"https:\/\/andreinapf.com\/es\/wp-json\/wp\/v2\/pages"}],"about":[{"href":"https:\/\/andreinapf.com\/es\/wp-json\/wp\/v2\/types\/page"}],"author":[{"embeddable":true,"href":"https:\/\/andreinapf.com\/es\/wp-json\/wp\/v2\/users\/1"}],"replies":[{"embeddable":true,"href":"https:\/\/andreinapf.com\/es\/wp-json\/wp\/v2\/comments?post=249"}],"version-history":[{"count":32,"href":"https:\/\/andreinapf.com\/es\/wp-json\/wp\/v2\/pages\/249\/revisions"}],"predecessor-version":[{"id":320,"href":"https:\/\/andreinapf.com\/es\/wp-json\/wp\/v2\/pages\/249\/revisions\/320"}],"wp:attachment":[{"href":"https:\/\/andreinapf.com\/es\/wp-json\/wp\/v2\/media?parent=249"}],"curies":[{"name":"wp","href":"https:\/\/api.w.org\/{rel}","templated":true}]}}