{"id":410,"date":"2025-09-04T10:08:48","date_gmt":"2025-09-04T13:08:48","guid":{"rendered":"https:\/\/andreinapf.com\/?page_id=410"},"modified":"2025-09-04T13:52:17","modified_gmt":"2025-09-04T16:52:17","slug":"contact-me","status":"publish","type":"page","link":"https:\/\/andreinapf.com\/es\/contact-me\/","title":{"rendered":"Contacto"},"content":{"rendered":"<div data-elementor-type=\"wp-page\" data-elementor-id=\"410\" class=\"elementor elementor-410\" data-elementor-post-type=\"page\">\n\t\t\t\t<div class=\"elementor-element elementor-element-595ca06 e-con-full e-flex e-con e-parent\" data-id=\"595ca06\" data-element_type=\"container\" data-e-type=\"container\" data-settings=\"{&quot;background_background&quot;:&quot;classic&quot;}\">\n\t\t\t\t<div class=\"elementor-element elementor-element-2372198 elementor-widget elementor-widget-text-editor\" data-id=\"2372198\" data-element_type=\"widget\" data-e-type=\"widget\" data-widget_type=\"text-editor.default\">\n\t\t\t\t\t\t\t\t\t<p>Contacto<\/p>\t\t\t\t\t\t\t\t<\/div>\n\t\t\t\t<div class=\"elementor-element elementor-element-f376b00 elementor-widget__width-initial elementor-button-align-stretch elementor-widget elementor-widget-form\" data-id=\"f376b00\" data-element_type=\"widget\" data-e-type=\"widget\" data-settings=\"{&quot;step_next_label&quot;:&quot;Next&quot;,&quot;step_previous_label&quot;:&quot;Previous&quot;,&quot;button_width&quot;:&quot;100&quot;,&quot;step_type&quot;:&quot;number_text&quot;,&quot;step_icon_shape&quot;:&quot;circle&quot;}\" data-widget_type=\"form.default\">\n\t\t\t\t\t\t\t<form class=\"elementor-form\" method=\"post\" name=\"New Form\" aria-label=\"New Form\" action=\"\">\n\t\t\t<input type=\"hidden\" name=\"post_id\" value=\"410\"\/>\n\t\t\t<input type=\"hidden\" name=\"form_id\" value=\"f376b00\"\/>\n\t\t\t<input type=\"hidden\" name=\"referer_title\" value=\"Contact Me - Andreina perlo Frizza\" \/>\n\n\t\t\t\t\t\t\t<input type=\"hidden\" name=\"queried_id\" value=\"410\"\/>\n\t\t\t\n\t\t\t<div class=\"elementor-form-fields-wrapper elementor-labels-\">\n\t\t\t\t\t\t\t\t<div class=\"elementor-field-type-text elementor-field-group elementor-column elementor-field-group-name elementor-col-100\">\n\t\t\t\t\t\t\t\t\t\t\t\t\t<input size=\"1\" type=\"text\" name=\"form_fields[name]\" id=\"form-field-name\" class=\"elementor-field elementor-size-sm  elementor-field-textual\" placeholder=\"Nombre\">\n\t\t\t\t\t\t\t\t\t\t\t<\/div>\n\t\t\t\t\t\t\t\t<div class=\"elementor-field-type-email elementor-field-group elementor-column elementor-field-group-email elementor-col-100 elementor-field-required\">\n\t\t\t\t\t\t\t\t\t\t\t\t\t<input size=\"1\" type=\"email\" name=\"form_fields[email]\" id=\"form-field-email\" class=\"elementor-field elementor-size-sm  elementor-field-textual\" placeholder=\"Correo\" required=\"required\">\n\t\t\t\t\t\t\t\t\t\t\t<\/div>\n\t\t\t\t\t\t\t\t<div class=\"elementor-field-type-text elementor-field-group elementor-column elementor-field-group-message elementor-col-100\">\n\t\t\t\t\t\t\t\t\t\t\t\t\t<input size=\"1\" type=\"text\" name=\"form_fields[message]\" id=\"form-field-message\" class=\"elementor-field elementor-size-sm  elementor-field-textual\" placeholder=\"WhatsApp (Opcional)\">\n\t\t\t\t\t\t\t\t\t\t\t<\/div>\n\t\t\t\t\t\t\t\t<div class=\"elementor-field-type-textarea elementor-field-group elementor-column elementor-field-group-field_4d180fa elementor-col-100\">\n\t\t\t\t\t<textarea class=\"elementor-field-textual elementor-field  elementor-size-sm\" name=\"form_fields[field_4d180fa]\" id=\"form-field-field_4d180fa\" rows=\"4\" placeholder=\"Mensaje\"><\/textarea>\t\t\t\t<\/div>\n\t\t\t\t\t\t\t\t<div class=\"elementor-field-group elementor-column elementor-field-type-submit elementor-col-100 e-form__buttons\">\n\t\t\t\t\t<button class=\"elementor-button elementor-size-sm\" type=\"submit\">\n\t\t\t\t\t\t<span class=\"elementor-button-content-wrapper\">\n\t\t\t\t\t\t\t\t\t\t\t\t\t\t\t<span class=\"elementor-button-icon\">\n\t\t\t\t\t\t\t\t\t<svg aria-hidden=\"true\" class=\"e-font-icon-svg e-fas-arrow-circle-right\" viewbox=\"0 0 512 512\" xmlns=\"http:\/\/www.w3.org\/2000\/svg\"><path d=\"M256 8c137 0 248 111 248 248S393 504 256 504 8 393 8 256 119 8 256 8zm-28.9 143.6l75.5 72.4H120c-13.3 0-24 10.7-24 24v16c0 13.3 10.7 24 24 24h182.6l-75.5 72.4c-9.7 9.3-9.9 24.8-.4 34.3l11 10.9c9.4 9.4 24.6 9.4 33.9 0L404.3 273c9.4-9.4 9.4-24.6 0-33.9L271.6 106.3c-9.4-9.4-24.6-9.4-33.9 0l-11 10.9c-9.5 9.6-9.3 25.1.4 34.4z\"><\/path><\/svg>\t\t\t\t\t\t\t\t\t\t\t\t\t\t\t\t\t<\/span>\n\t\t\t\t\t\t\t\t\t\t\t\t\t\t\t\t\t\t\t\t\t\t<span class=\"elementor-button-text\">Send<\/span>\n\t\t\t\t\t\t\t\t\t\t\t\t\t<\/span>\n\t\t\t\t\t<\/button>\n\t\t\t\t<\/div>\n\t\t\t<\/div>\n\t\t<input type=\"hidden\" name=\"trp-form-language\" value=\"es\"\/><\/form>\n\t\t\t\t\t\t<\/div>\n\t\t\t\t<div class=\"elementor-element elementor-element-7f714ae elementor-shape-circle elementor-grid-0 e-grid-align-center elementor-widget elementor-widget-social-icons\" data-id=\"7f714ae\" data-element_type=\"widget\" data-e-type=\"widget\" data-widget_type=\"social-icons.default\">\n\t\t\t\t\t\t\t<div class=\"elementor-social-icons-wrapper elementor-grid\" role=\"list\">\n\t\t\t\t\t\t\t<span class=\"elementor-grid-item\" role=\"listitem\">\n\t\t\t\t\t<a class=\"elementor-icon elementor-social-icon elementor-social-icon-linkedin elementor-repeater-item-88cba33\" target=\"_blank\">\n\t\t\t\t\t\t<span class=\"elementor-screen-only\">Linkedin<\/span>\n\t\t\t\t\t\t<svg aria-hidden=\"true\" class=\"e-font-icon-svg e-fab-linkedin\" viewbox=\"0 0 448 512\" xmlns=\"http:\/\/www.w3.org\/2000\/svg\"><path d=\"M416 32H31.9C14.3 32 0 46.5 0 64.3v383.4C0 465.5 14.3 480 31.9 480H416c17.6 0 32-14.5 32-32.3V64.3c0-17.8-14.4-32.3-32-32.3zM135.4 416H69V202.2h66.5V416zm-33.2-243c-21.3 0-38.5-17.3-38.5-38.5S80.9 96 102.2 96c21.2 0 38.5 17.3 38.5 38.5 0 21.3-17.2 38.5-38.5 38.5zm282.1 243h-66.4V312c0-24.8-.5-56.7-34.5-56.7-34.6 0-39.9 27-39.9 54.9V416h-66.4V202.2h63.7v29.2h.9c8.9-16.8 30.6-34.5 62.9-34.5 67.2 0 79.7 44.3 79.7 101.9V416z\"><\/path><\/svg>\t\t\t\t\t<\/a>\n\t\t\t\t<\/span>\n\t\t\t\t\t\t\t<span class=\"elementor-grid-item\" role=\"listitem\">\n\t\t\t\t\t<a class=\"elementor-icon elementor-social-icon elementor-social-icon-instagram elementor-repeater-item-ae550eb\" target=\"_blank\">\n\t\t\t\t\t\t<span class=\"elementor-screen-only\">Instagram<\/span>\n\t\t\t\t\t\t<svg aria-hidden=\"true\" class=\"e-font-icon-svg e-fab-instagram\" viewbox=\"0 0 448 512\" xmlns=\"http:\/\/www.w3.org\/2000\/svg\"><path d=\"M224.1 141c-63.6 0-114.9 51.3-114.9 114.9s51.3 114.9 114.9 114.9S339 319.5 339 255.9 287.7 141 224.1 141zm0 189.6c-41.1 0-74.7-33.5-74.7-74.7s33.5-74.7 74.7-74.7 74.7 33.5 74.7 74.7-33.6 74.7-74.7 74.7zm146.4-194.3c0 14.9-12 26.8-26.8 26.8-14.9 0-26.8-12-26.8-26.8s12-26.8 26.8-26.8 26.8 12 26.8 26.8zm76.1 27.2c-1.7-35.9-9.9-67.7-36.2-93.9-26.2-26.2-58-34.4-93.9-36.2-37-2.1-147.9-2.1-184.9 0-35.8 1.7-67.6 9.9-93.9 36.1s-34.4 58-36.2 93.9c-2.1 37-2.1 147.9 0 184.9 1.7 35.9 9.9 67.7 36.2 93.9s58 34.4 93.9 36.2c37 2.1 147.9 2.1 184.9 0 35.9-1.7 67.7-9.9 93.9-36.2 26.2-26.2 34.4-58 36.2-93.9 2.1-37 2.1-147.8 0-184.8zM398.8 388c-7.8 19.6-22.9 34.7-42.6 42.6-29.5 11.7-99.5 9-132.1 9s-102.7 2.6-132.1-9c-19.6-7.8-34.7-22.9-42.6-42.6-11.7-29.5-9-99.5-9-132.1s-2.6-102.7 9-132.1c7.8-19.6 22.9-34.7 42.6-42.6 29.5-11.7 99.5-9 132.1-9s102.7-2.6 132.1 9c19.6 7.8 34.7 22.9 42.6 42.6 11.7 29.5 9 99.5 9 132.1s2.7 102.7-9 132.1z\"><\/path><\/svg>\t\t\t\t\t<\/a>\n\t\t\t\t<\/span>\n\t\t\t\t\t<\/div>\n\t\t\t\t\t\t<\/div>\n\t\t\t\t<\/div>\n\t\t\t\t<\/div>","protected":false},"excerpt":{"rendered":"<p>Contact Me Linkedin Instagram<\/p>","protected":false},"author":1,"featured_media":0,"parent":0,"menu_order":0,"comment_status":"closed","ping_status":"closed","template":"","meta":{"footnotes":""},"class_list":["post-410","page","type-page","status-publish","hentry"],"yoast_head":"<!-- This site is optimized with the Yoast SEO plugin v27.4 - https:\/\/yoast.com\/product\/yoast-seo-wordpress\/ -->\n<title>Contact Me - Andreina perlo Frizza<\/title>\n<meta name=\"description\" content=\"Contacto a nuestra organizacion\" \/>\n<meta name=\"robots\" content=\"index, follow, max-snippet:-1, max-image-preview:large, max-video-preview:-1\" \/>\n<link rel=\"canonical\" href=\"https:\/\/andreinapf.com\/es\/contact-me\/\" \/>\n<meta property=\"og:locale\" content=\"es_ES\" \/>\n<meta property=\"og:type\" content=\"article\" \/>\n<meta property=\"og:title\" content=\"Contact Me - Andreina perlo Frizza\" \/>\n<meta property=\"og:description\" content=\"Contacto a nuestra organizacion\" \/>\n<meta property=\"og:url\" content=\"https:\/\/andreinapf.com\/es\/contact-me\/\" \/>\n<meta property=\"og:site_name\" content=\"Andreina perlo Frizza\" \/>\n<meta property=\"article:modified_time\" content=\"2025-09-04T16:52:17+00:00\" \/>\n<meta property=\"og:image\" content=\"https:\/\/andreinapf.com\/wp-content\/uploads\/2025\/09\/Captura-de-pantalla-2025-09-17-104327.png\" \/>\n\t<meta property=\"og:image:width\" content=\"1088\" \/>\n\t<meta property=\"og:image:height\" content=\"775\" \/>\n\t<meta property=\"og:image:type\" content=\"image\/png\" \/>\n<meta name=\"twitter:card\" content=\"summary_large_image\" \/>\n<script type=\"application\/ld+json\" class=\"yoast-schema-graph\">{\"@context\":\"https:\\\/\\\/schema.org\",\"@graph\":[{\"@type\":\"WebPage\",\"@id\":\"https:\\\/\\\/andreinapf.com\\\/contact-me\\\/\",\"url\":\"https:\\\/\\\/andreinapf.com\\\/contact-me\\\/\",\"name\":\"Contact Me - Andreina perlo Frizza\",\"isPartOf\":{\"@id\":\"https:\\\/\\\/andreinapf.com\\\/#website\"},\"datePublished\":\"2025-09-04T13:08:48+00:00\",\"dateModified\":\"2025-09-04T16:52:17+00:00\",\"description\":\"Contacto a nuestra organizacion\",\"breadcrumb\":{\"@id\":\"https:\\\/\\\/andreinapf.com\\\/contact-me\\\/#breadcrumb\"},\"inLanguage\":\"es-AR\",\"potentialAction\":[{\"@type\":\"ReadAction\",\"target\":[\"https:\\\/\\\/andreinapf.com\\\/contact-me\\\/\"]}]},{\"@type\":\"BreadcrumbList\",\"@id\":\"https:\\\/\\\/andreinapf.com\\\/contact-me\\\/#breadcrumb\",\"itemListElement\":[{\"@type\":\"ListItem\",\"position\":1,\"name\":\"Inicio\",\"item\":\"https:\\\/\\\/andreinapf.com\\\/\"},{\"@type\":\"ListItem\",\"position\":2,\"name\":\"Contact Me\"}]},{\"@type\":\"WebSite\",\"@id\":\"https:\\\/\\\/andreinapf.com\\\/#website\",\"url\":\"https:\\\/\\\/andreinapf.com\\\/\",\"name\":\"andreinapf.com\",\"description\":\"Acompa\u00f1o a personas y organizaciones en procesos de transformaci\u00f3n, desarrollo profesional y construcci\u00f3n de equipos s\u00f3lidos y sostenibles. Organizo experiencias \u00fanicas que fusionan mis pasiones: golf, moda, arte y comunidad. Impulso proyectos vinculados al arte y al dise\u00f1o que reflejan mi compromiso con la cultura y la creatividad.\",\"publisher\":{\"@id\":\"https:\\\/\\\/andreinapf.com\\\/#organization\"},\"alternateName\":\"Consultorias y Mentorias Andreinapf\",\"potentialAction\":[{\"@type\":\"SearchAction\",\"target\":{\"@type\":\"EntryPoint\",\"urlTemplate\":\"https:\\\/\\\/andreinapf.com\\\/?s={search_term_string}\"},\"query-input\":{\"@type\":\"PropertyValueSpecification\",\"valueRequired\":true,\"valueName\":\"search_term_string\"}}],\"inLanguage\":\"es-AR\"},{\"@type\":\"Organization\",\"@id\":\"https:\\\/\\\/andreinapf.com\\\/#organization\",\"name\":\"andreinapf.com\",\"url\":\"https:\\\/\\\/andreinapf.com\\\/\",\"logo\":{\"@type\":\"ImageObject\",\"inLanguage\":\"es-AR\",\"@id\":\"https:\\\/\\\/andreinapf.com\\\/#\\\/schema\\\/logo\\\/image\\\/\",\"url\":\"https:\\\/\\\/andreinapf.com\\\/wp-content\\\/uploads\\\/2025\\\/09\\\/cropped-WhatsApp-Image-2025-09-17-at-11.32.37.jpeg\",\"contentUrl\":\"https:\\\/\\\/andreinapf.com\\\/wp-content\\\/uploads\\\/2025\\\/09\\\/cropped-WhatsApp-Image-2025-09-17-at-11.32.37.jpeg\",\"width\":304,\"height\":240,\"caption\":\"andreinapf.com\"},\"image\":{\"@id\":\"https:\\\/\\\/andreinapf.com\\\/#\\\/schema\\\/logo\\\/image\\\/\"}}]}<\/script>\n<!-- \/ Yoast SEO plugin. -->","yoast_head_json":{"title":"Contact Me - Andreina perlo Frizza","description":"Contacto a nuestra organizacion","robots":{"index":"index","follow":"follow","max-snippet":"max-snippet:-1","max-image-preview":"max-image-preview:large","max-video-preview":"max-video-preview:-1"},"canonical":"https:\/\/andreinapf.com\/es\/contact-me\/","og_locale":"es_ES","og_type":"article","og_title":"Contact Me - Andreina perlo Frizza","og_description":"Contacto a nuestra organizacion","og_url":"https:\/\/andreinapf.com\/es\/contact-me\/","og_site_name":"Andreina perlo Frizza","article_modified_time":"2025-09-04T16:52:17+00:00","og_image":[{"width":1088,"height":775,"url":"https:\/\/andreinapf.com\/wp-content\/uploads\/2025\/09\/Captura-de-pantalla-2025-09-17-104327.png","type":"image\/png"}],"twitter_card":"summary_large_image","schema":{"@context":"https:\/\/schema.org","@graph":[{"@type":"WebPage","@id":"https:\/\/andreinapf.com\/contact-me\/","url":"https:\/\/andreinapf.com\/contact-me\/","name":"Contact Me - Andreina perlo Frizza","isPartOf":{"@id":"https:\/\/andreinapf.com\/#website"},"datePublished":"2025-09-04T13:08:48+00:00","dateModified":"2025-09-04T16:52:17+00:00","description":"Contacto a nuestra organizacion","breadcrumb":{"@id":"https:\/\/andreinapf.com\/contact-me\/#breadcrumb"},"inLanguage":"es-AR","potentialAction":[{"@type":"ReadAction","target":["https:\/\/andreinapf.com\/contact-me\/"]}]},{"@type":"BreadcrumbList","@id":"https:\/\/andreinapf.com\/contact-me\/#breadcrumb","itemListElement":[{"@type":"ListItem","position":1,"name":"Inicio","item":"https:\/\/andreinapf.com\/"},{"@type":"ListItem","position":2,"name":"Contact Me"}]},{"@type":"WebSite","@id":"https:\/\/andreinapf.com\/#website","url":"https:\/\/andreinapf.com\/","name":"andreinapf.com","description":"Acompa\u00f1o a personas y organizaciones en procesos de transformaci\u00f3n, desarrollo profesional y construcci\u00f3n de equipos s\u00f3lidos y sostenibles. Organizo experiencias \u00fanicas que fusionan mis pasiones: golf, moda, arte y comunidad. Impulso proyectos vinculados al arte y al dise\u00f1o que reflejan mi compromiso con la cultura y la creatividad.","publisher":{"@id":"https:\/\/andreinapf.com\/#organization"},"alternateName":"Consultorias y Mentorias Andreinapf","potentialAction":[{"@type":"SearchAction","target":{"@type":"EntryPoint","urlTemplate":"https:\/\/andreinapf.com\/?s={search_term_string}"},"query-input":{"@type":"PropertyValueSpecification","valueRequired":true,"valueName":"search_term_string"}}],"inLanguage":"es-AR"},{"@type":"Organization","@id":"https:\/\/andreinapf.com\/#organization","name":"andreinapf.com","url":"https:\/\/andreinapf.com\/","logo":{"@type":"ImageObject","inLanguage":"es-AR","@id":"https:\/\/andreinapf.com\/#\/schema\/logo\/image\/","url":"https:\/\/andreinapf.com\/wp-content\/uploads\/2025\/09\/cropped-WhatsApp-Image-2025-09-17-at-11.32.37.jpeg","contentUrl":"https:\/\/andreinapf.com\/wp-content\/uploads\/2025\/09\/cropped-WhatsApp-Image-2025-09-17-at-11.32.37.jpeg","width":304,"height":240,"caption":"andreinapf.com"},"image":{"@id":"https:\/\/andreinapf.com\/#\/schema\/logo\/image\/"}}]}},"_links":{"self":[{"href":"https:\/\/andreinapf.com\/es\/wp-json\/wp\/v2\/pages\/410","targetHints":{"allow":["GET"]}}],"collection":[{"href":"https:\/\/andreinapf.com\/es\/wp-json\/wp\/v2\/pages"}],"about":[{"href":"https:\/\/andreinapf.com\/es\/wp-json\/wp\/v2\/types\/page"}],"author":[{"embeddable":true,"href":"https:\/\/andreinapf.com\/es\/wp-json\/wp\/v2\/users\/1"}],"replies":[{"embeddable":true,"href":"https:\/\/andreinapf.com\/es\/wp-json\/wp\/v2\/comments?post=410"}],"version-history":[{"count":28,"href":"https:\/\/andreinapf.com\/es\/wp-json\/wp\/v2\/pages\/410\/revisions"}],"predecessor-version":[{"id":454,"href":"https:\/\/andreinapf.com\/es\/wp-json\/wp\/v2\/pages\/410\/revisions\/454"}],"wp:attachment":[{"href":"https:\/\/andreinapf.com\/es\/wp-json\/wp\/v2\/media?parent=410"}],"curies":[{"name":"wp","href":"https:\/\/api.w.org\/{rel}","templated":true}]}}