{"id":81,"date":"2025-08-27T10:43:08","date_gmt":"2025-08-27T13:43:08","guid":{"rendered":"https:\/\/andreinapf.com\/?page_id=81"},"modified":"2025-09-04T10:19:35","modified_gmt":"2025-09-04T13:19:35","slug":"b-wolf","status":"publish","type":"page","link":"https:\/\/andreinapf.com\/es\/b-wolf\/","title":{"rendered":"b-wolf"},"content":{"rendered":"<div data-elementor-type=\"wp-page\" data-elementor-id=\"81\" class=\"elementor elementor-81\" data-elementor-post-type=\"page\">\n\t\t\t\t<div class=\"elementor-element elementor-element-7a984e4 e-con-full e-flex e-con e-parent\" data-id=\"7a984e4\" data-element_type=\"container\" data-e-type=\"container\" data-settings=\"{&quot;background_background&quot;:&quot;classic&quot;}\">\n\t\t\t\t<div class=\"elementor-element elementor-element-528c656 elementor-widget-mobile__width-initial elementor-widget elementor-widget-image\" data-id=\"528c656\" data-element_type=\"widget\" data-e-type=\"widget\" data-widget_type=\"image.default\">\n\t\t\t\t\t\t\t\t\t\t\t\t\t\t\t<img fetchpriority=\"high\" decoding=\"async\" width=\"1978\" height=\"2560\" src=\"https:\/\/andreinapf.com\/wp-content\/uploads\/2025\/08\/Sin-titulo-1-scaled.jpg\" class=\"attachment-full size-full wp-image-116\" alt=\"\" srcset=\"https:\/\/andreinapf.com\/wp-content\/uploads\/2025\/08\/Sin-titulo-1-scaled.jpg 1978w, https:\/\/andreinapf.com\/wp-content\/uploads\/2025\/08\/Sin-titulo-1-232x300.jpg 232w, https:\/\/andreinapf.com\/wp-content\/uploads\/2025\/08\/Sin-titulo-1-791x1024.jpg 791w, https:\/\/andreinapf.com\/wp-content\/uploads\/2025\/08\/Sin-titulo-1-768x994.jpg 768w, https:\/\/andreinapf.com\/wp-content\/uploads\/2025\/08\/Sin-titulo-1-1187x1536.jpg 1187w, https:\/\/andreinapf.com\/wp-content\/uploads\/2025\/08\/Sin-titulo-1-1583x2048.jpg 1583w, https:\/\/andreinapf.com\/wp-content\/uploads\/2025\/08\/Sin-titulo-1-9x12.jpg 9w\" sizes=\"(max-width: 1978px) 100vw, 1978px\" \/>\t\t\t\t\t\t\t\t\t\t\t\t\t\t\t<\/div>\n\t\t\t\t<div class=\"elementor-element elementor-element-8385b55 elementor-widget__width-initial elementor-widget elementor-widget-text-editor\" data-id=\"8385b55\" data-element_type=\"widget\" data-e-type=\"widget\" data-widget_type=\"text-editor.default\">\n\t\t\t\t\t\t\t\t\t<div style=\"font-family: 'Ramillas', serif; line-height: 1.2; padding: 20px;\"><h2 style=\"font-size: 36px; font-weight: 300; margin-bottom: 30px; font-family: 'Ramillas'; text-align: center;\">Liderazgo femenino en movimiento<\/h2><p style=\"font-size: 18px; font-style: italic; margin-bottom: 15px; font-family: 'Ramillas', serif; text-align: center;\">Empoderar e Inspirar | Conectar y Colaborar | Liberar tu Potencial<\/p><p style=\"font-size: 16px; margin-bottom: 1px; font-family: 'Ramillas', serif; text-align: justify;\" class=\"translation-block\">B-Wolf es una comunidad que promueve el liderazgo femenino a trav\u00e9s de experiencias exclusivas que combinan golf y negocios.<\/p><p style=\"font-size: 16px; margin-bottom: 1px; font-family: 'Ramillas', serif; text-align: justify;\">Nuestro objetivo es inspirar, conectar y empoderar a mujeres a trav\u00e9s del juego, la excelencia y el encuentro genuino<\/p><p style=\"font-size: 16px; margin-bottom: 15px; font-family: 'Ramillas', serif; text-align: justify;\">Una red donde las conexiones se vuelven oportunidades y el encuentro se convierte en impulso y acci\u00f3n compartida.<\/p><p style=\"font-size: 16px; margin-bottom: 1px; font-family: 'Ramillas', serif; text-align: justify;\" class=\"translation-block\">Fundada por Andreina Perlo Frizza, Carola Tolomei, especialista en estrategia organizacional y talento en empresas tecnol\u00f3gicas, y Paula Schiffelbein, emprendedora vinculada al desarrollo de innovaci\u00f3n y tecnolog\u00eda<\/p><p style=\"margin: 10px 0; font-family: 'Ramillas', serif; text-align: center;\"><a style=\"font-size: 16px; color: #000; text-decoration: underline; font-family: 'Ramillas', serif;\" href=\"\/es\/bwolf-networking\/\"><br \/>[Join B-Wolf]<br \/><\/a><\/p><div style=\"text-align: center; margin-top: 20px;\"><a style=\"font-size: 14px; font-style: italic; font-family: 'Ramillas', serif; color: #000000; margin-right: 10px;\" href=\"https:\/\/bwolf.com\">More at bwolf.com<\/a><br \/><a style=\"font-size: 14px; font-style: italic; font-family: 'Ramillas', serif; color: #000000;\" href=\"https:\/\/b-wolf.com\">@bwolf_hub<\/a><\/div><\/div><div style=\"text-align: center;\" class=\"translation-block\">Para explorar oportunidades de colaboraci\u00f3n o sponsorship (CLICK AC\u00c1)<\/div>\t\t\t\t\t\t\t\t<\/div>\n\t\t\t\t<\/div>\n\t\t\t\t<\/div>","protected":false},"excerpt":{"rendered":"<p>FEMALE LEADERSHIP IN MOTION EMPOWER AND INSPIRE | CONNECT AND COLLABORATE | UNLEASH YOUR POTENTIAL B-Wolf is a community that promotes female leadership through exclusive experiences that combine golf and business. Our mission is to inspire, connect, and empower women through the game, excellence, and genuine encounters. A network where connections turn into opportunities, and [&hellip;]<\/p>","protected":false},"author":1,"featured_media":0,"parent":0,"menu_order":0,"comment_status":"closed","ping_status":"closed","template":"","meta":{"footnotes":""},"class_list":["post-81","page","type-page","status-publish","hentry"],"yoast_head":"<!-- This site is optimized with the Yoast SEO plugin v27.4 - https:\/\/yoast.com\/product\/yoast-seo-wordpress\/ -->\n<title>b-wolf - Andreina perlo Frizza<\/title>\n<meta name=\"description\" content=\"B-Wolf es una comunidad que promueve el liderazgo femenino a trav\u00e9s de experiencias exclusivas que combinan golf y negocios.\" \/>\n<meta name=\"robots\" content=\"index, follow, max-snippet:-1, max-image-preview:large, max-video-preview:-1\" \/>\n<link rel=\"canonical\" href=\"https:\/\/andreinapf.com\/es\/b-wolf\/\" \/>\n<meta property=\"og:locale\" content=\"es_ES\" \/>\n<meta property=\"og:type\" content=\"article\" \/>\n<meta property=\"og:title\" content=\"b-wolf - Andreina perlo Frizza\" \/>\n<meta property=\"og:description\" content=\"B-Wolf es una comunidad que promueve el liderazgo femenino a trav\u00e9s de experiencias exclusivas que combinan golf y negocios.\" \/>\n<meta property=\"og:url\" content=\"https:\/\/andreinapf.com\/es\/b-wolf\/\" \/>\n<meta property=\"og:site_name\" content=\"Andreina perlo Frizza\" \/>\n<meta property=\"article:modified_time\" content=\"2025-09-04T13:19:35+00:00\" \/>\n<meta property=\"og:image\" content=\"https:\/\/andreinapf.com\/wp-content\/uploads\/2025\/08\/Sin-titulo-1-scaled.jpg\" \/>\n\t<meta property=\"og:image:width\" content=\"1978\" \/>\n\t<meta property=\"og:image:height\" content=\"2560\" \/>\n\t<meta property=\"og:image:type\" content=\"image\/jpeg\" \/>\n<meta name=\"twitter:card\" content=\"summary_large_image\" \/>\n<meta name=\"twitter:label1\" content=\"Tiempo de lectura\" \/>\n\t<meta name=\"twitter:data1\" content=\"1 minuto\" \/>\n<script type=\"application\/ld+json\" class=\"yoast-schema-graph\">{\"@context\":\"https:\\\/\\\/schema.org\",\"@graph\":[{\"@type\":\"WebPage\",\"@id\":\"https:\\\/\\\/andreinapf.com\\\/b-wolf\\\/\",\"url\":\"https:\\\/\\\/andreinapf.com\\\/b-wolf\\\/\",\"name\":\"b-wolf - Andreina perlo Frizza\",\"isPartOf\":{\"@id\":\"https:\\\/\\\/andreinapf.com\\\/#website\"},\"primaryImageOfPage\":{\"@id\":\"https:\\\/\\\/andreinapf.com\\\/b-wolf\\\/#primaryimage\"},\"image\":{\"@id\":\"https:\\\/\\\/andreinapf.com\\\/b-wolf\\\/#primaryimage\"},\"thumbnailUrl\":\"https:\\\/\\\/andreinapf.com\\\/wp-content\\\/uploads\\\/2025\\\/08\\\/Sin-titulo-1-scaled.jpg\",\"datePublished\":\"2025-08-27T13:43:08+00:00\",\"dateModified\":\"2025-09-04T13:19:35+00:00\",\"description\":\"B-Wolf es una comunidad que promueve el liderazgo femenino a trav\u00e9s de experiencias exclusivas que combinan golf y negocios.\",\"breadcrumb\":{\"@id\":\"https:\\\/\\\/andreinapf.com\\\/b-wolf\\\/#breadcrumb\"},\"inLanguage\":\"es-AR\",\"potentialAction\":[{\"@type\":\"ReadAction\",\"target\":[\"https:\\\/\\\/andreinapf.com\\\/b-wolf\\\/\"]}]},{\"@type\":\"ImageObject\",\"inLanguage\":\"es-AR\",\"@id\":\"https:\\\/\\\/andreinapf.com\\\/b-wolf\\\/#primaryimage\",\"url\":\"https:\\\/\\\/andreinapf.com\\\/wp-content\\\/uploads\\\/2025\\\/08\\\/Sin-titulo-1-scaled.jpg\",\"contentUrl\":\"https:\\\/\\\/andreinapf.com\\\/wp-content\\\/uploads\\\/2025\\\/08\\\/Sin-titulo-1-scaled.jpg\"},{\"@type\":\"BreadcrumbList\",\"@id\":\"https:\\\/\\\/andreinapf.com\\\/b-wolf\\\/#breadcrumb\",\"itemListElement\":[{\"@type\":\"ListItem\",\"position\":1,\"name\":\"Inicio\",\"item\":\"https:\\\/\\\/andreinapf.com\\\/\"},{\"@type\":\"ListItem\",\"position\":2,\"name\":\"b-wolf\"}]},{\"@type\":\"WebSite\",\"@id\":\"https:\\\/\\\/andreinapf.com\\\/#website\",\"url\":\"https:\\\/\\\/andreinapf.com\\\/\",\"name\":\"andreinapf.com\",\"description\":\"Acompa\u00f1o a personas y organizaciones en procesos de transformaci\u00f3n, desarrollo profesional y construcci\u00f3n de equipos s\u00f3lidos y sostenibles. Organizo experiencias \u00fanicas que fusionan mis pasiones: golf, moda, arte y comunidad. Impulso proyectos vinculados al arte y al dise\u00f1o que reflejan mi compromiso con la cultura y la creatividad.\",\"publisher\":{\"@id\":\"https:\\\/\\\/andreinapf.com\\\/#organization\"},\"alternateName\":\"Consultorias y Mentorias Andreinapf\",\"potentialAction\":[{\"@type\":\"SearchAction\",\"target\":{\"@type\":\"EntryPoint\",\"urlTemplate\":\"https:\\\/\\\/andreinapf.com\\\/?s={search_term_string}\"},\"query-input\":{\"@type\":\"PropertyValueSpecification\",\"valueRequired\":true,\"valueName\":\"search_term_string\"}}],\"inLanguage\":\"es-AR\"},{\"@type\":\"Organization\",\"@id\":\"https:\\\/\\\/andreinapf.com\\\/#organization\",\"name\":\"andreinapf.com\",\"url\":\"https:\\\/\\\/andreinapf.com\\\/\",\"logo\":{\"@type\":\"ImageObject\",\"inLanguage\":\"es-AR\",\"@id\":\"https:\\\/\\\/andreinapf.com\\\/#\\\/schema\\\/logo\\\/image\\\/\",\"url\":\"https:\\\/\\\/andreinapf.com\\\/wp-content\\\/uploads\\\/2025\\\/09\\\/cropped-WhatsApp-Image-2025-09-17-at-11.32.37.jpeg\",\"contentUrl\":\"https:\\\/\\\/andreinapf.com\\\/wp-content\\\/uploads\\\/2025\\\/09\\\/cropped-WhatsApp-Image-2025-09-17-at-11.32.37.jpeg\",\"width\":304,\"height\":240,\"caption\":\"andreinapf.com\"},\"image\":{\"@id\":\"https:\\\/\\\/andreinapf.com\\\/#\\\/schema\\\/logo\\\/image\\\/\"}}]}<\/script>\n<!-- \/ Yoast SEO plugin. -->","yoast_head_json":{"title":"b-wolf - Andreina perlo Frizza","description":"B-Wolf es una comunidad que promueve el liderazgo femenino a trav\u00e9s de experiencias exclusivas que combinan golf y negocios.","robots":{"index":"index","follow":"follow","max-snippet":"max-snippet:-1","max-image-preview":"max-image-preview:large","max-video-preview":"max-video-preview:-1"},"canonical":"https:\/\/andreinapf.com\/es\/b-wolf\/","og_locale":"es_ES","og_type":"article","og_title":"b-wolf - Andreina perlo Frizza","og_description":"B-Wolf es una comunidad que promueve el liderazgo femenino a trav\u00e9s de experiencias exclusivas que combinan golf y negocios.","og_url":"https:\/\/andreinapf.com\/es\/b-wolf\/","og_site_name":"Andreina perlo Frizza","article_modified_time":"2025-09-04T13:19:35+00:00","og_image":[{"width":1978,"height":2560,"url":"https:\/\/andreinapf.com\/wp-content\/uploads\/2025\/08\/Sin-titulo-1-scaled.jpg","type":"image\/jpeg"}],"twitter_card":"summary_large_image","twitter_misc":{"Tiempo de lectura":"1 minuto"},"schema":{"@context":"https:\/\/schema.org","@graph":[{"@type":"WebPage","@id":"https:\/\/andreinapf.com\/b-wolf\/","url":"https:\/\/andreinapf.com\/b-wolf\/","name":"b-wolf - Andreina perlo Frizza","isPartOf":{"@id":"https:\/\/andreinapf.com\/#website"},"primaryImageOfPage":{"@id":"https:\/\/andreinapf.com\/b-wolf\/#primaryimage"},"image":{"@id":"https:\/\/andreinapf.com\/b-wolf\/#primaryimage"},"thumbnailUrl":"https:\/\/andreinapf.com\/wp-content\/uploads\/2025\/08\/Sin-titulo-1-scaled.jpg","datePublished":"2025-08-27T13:43:08+00:00","dateModified":"2025-09-04T13:19:35+00:00","description":"B-Wolf es una comunidad que promueve el liderazgo femenino a trav\u00e9s de experiencias exclusivas que combinan golf y negocios.","breadcrumb":{"@id":"https:\/\/andreinapf.com\/b-wolf\/#breadcrumb"},"inLanguage":"es-AR","potentialAction":[{"@type":"ReadAction","target":["https:\/\/andreinapf.com\/b-wolf\/"]}]},{"@type":"ImageObject","inLanguage":"es-AR","@id":"https:\/\/andreinapf.com\/b-wolf\/#primaryimage","url":"https:\/\/andreinapf.com\/wp-content\/uploads\/2025\/08\/Sin-titulo-1-scaled.jpg","contentUrl":"https:\/\/andreinapf.com\/wp-content\/uploads\/2025\/08\/Sin-titulo-1-scaled.jpg"},{"@type":"BreadcrumbList","@id":"https:\/\/andreinapf.com\/b-wolf\/#breadcrumb","itemListElement":[{"@type":"ListItem","position":1,"name":"Inicio","item":"https:\/\/andreinapf.com\/"},{"@type":"ListItem","position":2,"name":"b-wolf"}]},{"@type":"WebSite","@id":"https:\/\/andreinapf.com\/#website","url":"https:\/\/andreinapf.com\/","name":"andreinapf.com","description":"Acompa\u00f1o a personas y organizaciones en procesos de transformaci\u00f3n, desarrollo profesional y construcci\u00f3n de equipos s\u00f3lidos y sostenibles. Organizo experiencias \u00fanicas que fusionan mis pasiones: golf, moda, arte y comunidad. Impulso proyectos vinculados al arte y al dise\u00f1o que reflejan mi compromiso con la cultura y la creatividad.","publisher":{"@id":"https:\/\/andreinapf.com\/#organization"},"alternateName":"Consultorias y Mentorias Andreinapf","potentialAction":[{"@type":"SearchAction","target":{"@type":"EntryPoint","urlTemplate":"https:\/\/andreinapf.com\/?s={search_term_string}"},"query-input":{"@type":"PropertyValueSpecification","valueRequired":true,"valueName":"search_term_string"}}],"inLanguage":"es-AR"},{"@type":"Organization","@id":"https:\/\/andreinapf.com\/#organization","name":"andreinapf.com","url":"https:\/\/andreinapf.com\/","logo":{"@type":"ImageObject","inLanguage":"es-AR","@id":"https:\/\/andreinapf.com\/#\/schema\/logo\/image\/","url":"https:\/\/andreinapf.com\/wp-content\/uploads\/2025\/09\/cropped-WhatsApp-Image-2025-09-17-at-11.32.37.jpeg","contentUrl":"https:\/\/andreinapf.com\/wp-content\/uploads\/2025\/09\/cropped-WhatsApp-Image-2025-09-17-at-11.32.37.jpeg","width":304,"height":240,"caption":"andreinapf.com"},"image":{"@id":"https:\/\/andreinapf.com\/#\/schema\/logo\/image\/"}}]}},"_links":{"self":[{"href":"https:\/\/andreinapf.com\/es\/wp-json\/wp\/v2\/pages\/81","targetHints":{"allow":["GET"]}}],"collection":[{"href":"https:\/\/andreinapf.com\/es\/wp-json\/wp\/v2\/pages"}],"about":[{"href":"https:\/\/andreinapf.com\/es\/wp-json\/wp\/v2\/types\/page"}],"author":[{"embeddable":true,"href":"https:\/\/andreinapf.com\/es\/wp-json\/wp\/v2\/users\/1"}],"replies":[{"embeddable":true,"href":"https:\/\/andreinapf.com\/es\/wp-json\/wp\/v2\/comments?post=81"}],"version-history":[{"count":50,"href":"https:\/\/andreinapf.com\/es\/wp-json\/wp\/v2\/pages\/81\/revisions"}],"predecessor-version":[{"id":424,"href":"https:\/\/andreinapf.com\/es\/wp-json\/wp\/v2\/pages\/81\/revisions\/424"}],"wp:attachment":[{"href":"https:\/\/andreinapf.com\/es\/wp-json\/wp\/v2\/media?parent=81"}],"curies":[{"name":"wp","href":"https:\/\/api.w.org\/{rel}","templated":true}]}}